{"id":9928,"date":"2020-04-10T07:34:21","date_gmt":"2020-04-10T06:34:21","guid":{"rendered":"http:\/\/razemdlabialoleki.waw.pl\/?page_id=9928"},"modified":"2023-12-18T14:35:37","modified_gmt":"2023-12-18T13:35:37","slug":"inicjatywy","status":"publish","type":"page","link":"http:\/\/razemdlabialoleki.waw.pl\/?page_id=9928","title":{"rendered":"Inicjatywy"},"content":{"rendered":"\n<p>Razem z Mieszka\u0144cami Bia\u0142o\u0142\u0119ki, szkolnymi Wolontariatami oraz partnerami organizujemy mi\u0119dzy innymi:<\/p>\n\n\n\n<ul class=\"wp-block-list\">\n<li><a href=\"http:\/\/razemdlabialoleki.waw.pl\/?page_id=19823\">Rodzinny Rajd Rowerowy<\/a>, dzia\u0142aj\u0105c na rzecz Mieszka\u0144ca lub Mieszkanki Bia\u0142o\u0142\u0119ki, kt\u00f3rzy potrzebuj\u0105 wsparcia,<\/li>\n\n\n\n<li><a href=\"http:\/\/razemdlabialoleki.waw.pl\/?page_id=19838\">Wigilijn\u0105 Pomoc S\u0105siedzk\u0105<\/a>, ju\u017c po raz 9. wspieraj\u0105c dzieci z bia\u0142o\u0142\u0119ckich Dom\u00f3w Dziecka,<\/li>\n\n\n\n<li><a href=\"http:\/\/razemdlabialoleki.waw.pl\/?page_id=19832\">Zbi\u00f3rk\u0119 na renowacj\u0119&nbsp;zabytkowych nagrobk\u00f3w na Cmentarzu Tarchomi\u0144skim<\/a>, kt\u00f3ra w 2023 r. odby\u0142a si\u0119&nbsp;ju\u017c po raz dziewi\u0105ty.<\/li>\n<\/ul>\n\n\n\n<p>Organizujemy i wsp\u00f3\u0142organizujemy Zielony Piknik S\u0105siedzki na Lewandowie, Festyn Rodzinny na Ostr\u00f3dzkiej, zawsze spotykamy si\u0119 tak\u017ce na Dniach Bia\u0142o\u0142\u0119ki oraz wydarzeniach z cyklu \u201eKulturalne Zamieszanie\u201d, organizowanych przez bia\u0142o\u0142\u0119ckie ko\u0142o Zwi\u0105zku Du\u017cych Rodzin 3+. Tradycyjnie do namiotu Stowarzyszenia Razem dla Bia\u0142o\u0142\u0119ki tworzy si\u0119 najwi\u0119ksza kolejka ch\u0119tnych do skorzystania z atrakcji &#8211; od popcornu, przez gad\u017cety, po s\u0142ynne kartonowe domki i zabawki do sk\u0142adania.<\/p>\n\n\n\n<p>Zapocz\u0105tkowali\u015bmy akcj\u0119 Razem Sadzimy Las, w ramach kt\u00f3rej w 2023 r. wraz z ponad 300 Mieszka\u0144cami i Wolontariuszami posadzili\u015bmy ok. 700 drzew na terenie Choszcz\u00f3wki. Organizujemy i wspieramy akcje Sprz\u0105tania \u015awiata, obchody Dnia Ziemi oraz lokalne dzia\u0142ania razem z Mieszka\u0144cami i Wolontariuszami, dzi\u0119ki kt\u00f3rym nasza okolica wygl\u0105da po prostu \u0142adniej.&nbsp;<\/p>\n\n\n\n<p>Wspieramy rozw\u00f3j lokalnego sportu i aktywno\u015bci, do tej pory organizuj\u0105c mi\u0119dzy innymi treningi biegowe na wschodniej Bia\u0142o\u0142\u0119ce, turniej koszyk\u00f3wki czy Nocny Rajd Rowerowy po\u0142\u0105czony z&nbsp; niezapomnian\u0105 dawk\u0105 lokalnej historii od Fundacji AVE. W ramach dzia\u0142a\u0144 edukacyjnych i ukierunkowanych na rzecz ochrony zdrowia zorganizowali\u015bmy konferencje: Autyzm Teraz oraz Z cukrzyc\u0105 na Ty &#8211; nie daj si\u0119!<\/p>\n\n\n\n<p>Wymieniamy si\u0119 nie tylko do\u015bwiadczeniami, organizuj\u0105c Bia\u0142o\u0142\u0119cki Bazar Zabawek U\u017cywanych oraz wspieraj\u0105c \u017bera\u0144sk\u0105 Wyprzeda\u017c Gara\u017cow\u0105. Wsp\u00f3\u0142pracujemy tak\u017ce z lokalnymi firmami, kt\u00f3re anga\u017cuj\u0105 si\u0119 w dzia\u0142ania na rzecz Bia\u0142o\u0142\u0119ki.<\/p>\n","protected":false},"excerpt":{"rendered":"<p>Razem z Mieszka\u0144cami Bia\u0142o\u0142\u0119ki, szkolnymi Wolontariatami oraz partnerami organizujemy mi\u0119dzy innymi: Organizujemy i wsp\u00f3\u0142organizujemy Zielony Piknik S\u0105siedzki na Lewandowie, Festyn Rodzinny na Ostr\u00f3dzkiej, zawsze spotykamy si\u0119 tak\u017ce na Dniach Bia\u0142o\u0142\u0119ki oraz wydarzeniach z cyklu \u201eKulturalne Zamieszanie\u201d, organizowanych przez bia\u0142o\u0142\u0119ckie ko\u0142o Zwi\u0105zku Du\u017cych Rodzin 3+. Tradycyjnie do namiotu Stowarzyszenia Razem dla Bia\u0142o\u0142\u0119ki tworzy si\u0119 najwi\u0119ksza kolejka [&hellip;]<\/p>\n","protected":false},"author":3,"featured_media":0,"parent":0,"menu_order":0,"comment_status":"closed","ping_status":"closed","template":"","meta":{"ngg_post_thumbnail":0,"footnotes":""},"class_list":["post-9928","page","type-page","status-publish","hentry"],"_links":{"self":[{"href":"http:\/\/razemdlabialoleki.waw.pl\/index.php?rest_route=\/wp\/v2\/pages\/9928","targetHints":{"allow":["GET"]}}],"collection":[{"href":"http:\/\/razemdlabialoleki.waw.pl\/index.php?rest_route=\/wp\/v2\/pages"}],"about":[{"href":"http:\/\/razemdlabialoleki.waw.pl\/index.php?rest_route=\/wp\/v2\/types\/page"}],"author":[{"embeddable":true,"href":"http:\/\/razemdlabialoleki.waw.pl\/index.php?rest_route=\/wp\/v2\/users\/3"}],"replies":[{"embeddable":true,"href":"http:\/\/razemdlabialoleki.waw.pl\/index.php?rest_route=%2Fwp%2Fv2%2Fcomments&post=9928"}],"version-history":[{"count":6,"href":"http:\/\/razemdlabialoleki.waw.pl\/index.php?rest_route=\/wp\/v2\/pages\/9928\/revisions"}],"predecessor-version":[{"id":19849,"href":"http:\/\/razemdlabialoleki.waw.pl\/index.php?rest_route=\/wp\/v2\/pages\/9928\/revisions\/19849"}],"wp:attachment":[{"href":"http:\/\/razemdlabialoleki.waw.pl\/index.php?rest_route=%2Fwp%2Fv2%2Fmedia&parent=9928"}],"curies":[{"name":"wp","href":"https:\/\/api.w.org\/{rel}","templated":true}]}}