{"id":63,"date":"2016-01-20T13:19:19","date_gmt":"2016-01-20T13:19:19","guid":{"rendered":"http:\/\/razemdlabialoleki.waw.pl\/?page_id=63"},"modified":"2025-05-09T06:05:02","modified_gmt":"2025-05-09T05:05:02","slug":"wladze","status":"publish","type":"page","link":"http:\/\/razemdlabialoleki.waw.pl\/?page_id=63","title":{"rendered":"W\u0142adze"},"content":{"rendered":"\n<h2 class=\"wp-block-heading has-text-align-center\">Zarz\u0105d<\/h2>\n\n\n\n<div class=\"wp-block-columns is-layout-flex wp-container-core-columns-is-layout-28f84493 wp-block-columns-is-layout-flex\">\n<div class=\"wp-block-column team-column is-layout-flow wp-block-column-is-layout-flow\">\n<div class=\"wp-block-group team-content-wrapper is-layout-flow wp-block-group-is-layout-flow\">\n<figure class=\"wp-block-image size-full\"><img loading=\"lazy\" decoding=\"async\" width=\"240\" height=\"240\" src=\"http:\/\/razemdlabialoleki.waw.pl\/wp-content\/uploads\/2024\/05\/8-1.png\" alt=\"\" class=\"wp-image-21304\" srcset=\"http:\/\/razemdlabialoleki.waw.pl\/wp-content\/uploads\/2024\/05\/8-1.png 240w, http:\/\/razemdlabialoleki.waw.pl\/wp-content\/uploads\/2024\/05\/8-1-150x150.png 150w\" sizes=\"auto, (max-width: 240px) 100vw, 240px\" \/><\/figure>\n\n\n\n<p class=\"has-text-align-center\"><a href=\"https:\/\/www.facebook.com\/jan.mackiewicz.1\"><\/a><a href=\"https:\/\/www.facebook.com\/danuta.zaleska.7\" target=\"_blank\" rel=\"noreferrer noopener\"><strong>Danuta Zaleska<\/strong><\/a><\/p>\n\n\n\n<p class=\"has-text-align-center team-member-email\">Prezes<\/p>\n<\/div>\n<\/div>\n\n\n\n<div class=\"wp-block-column team-column is-layout-flow wp-block-column-is-layout-flow\">\n<div class=\"wp-block-group team-content-wrapper is-layout-flow wp-block-group-is-layout-flow\">\n<figure class=\"wp-block-image size-full\"><img loading=\"lazy\" decoding=\"async\" width=\"240\" height=\"240\" src=\"http:\/\/razemdlabialoleki.waw.pl\/wp-content\/uploads\/2024\/05\/20.png\" alt=\"\" class=\"wp-image-21306\" srcset=\"http:\/\/razemdlabialoleki.waw.pl\/wp-content\/uploads\/2024\/05\/20.png 240w, http:\/\/razemdlabialoleki.waw.pl\/wp-content\/uploads\/2024\/05\/20-150x150.png 150w\" sizes=\"auto, (max-width: 240px) 100vw, 240px\" \/><\/figure>\n\n\n\n<p class=\"has-text-align-center\"><a href=\"https:\/\/www.facebook.com\/jan.mackiewicz.1\" target=\"_blank\" rel=\"noreferrer noopener\"><strong>Jan Mackiewicz<\/strong><\/a><\/p>\n\n\n\n<p class=\"has-text-align-center team-member-email\">Zast\u0119pca Prezesa<\/p>\n<\/div>\n<\/div>\n\n\n\n<div class=\"wp-block-column team-column is-layout-flow wp-block-column-is-layout-flow\">\n<div class=\"wp-block-group team-content-wrapper is-layout-flow wp-block-group-is-layout-flow\">\n<figure class=\"wp-block-image size-full\"><img loading=\"lazy\" decoding=\"async\" width=\"240\" height=\"240\" src=\"http:\/\/razemdlabialoleki.waw.pl\/wp-content\/uploads\/2024\/02\/19.png\" alt=\"\" class=\"wp-image-20736\" srcset=\"http:\/\/razemdlabialoleki.waw.pl\/wp-content\/uploads\/2024\/02\/19.png 240w, http:\/\/razemdlabialoleki.waw.pl\/wp-content\/uploads\/2024\/02\/19-150x150.png 150w\" sizes=\"auto, (max-width: 240px) 100vw, 240px\" \/><\/figure>\n\n\n\n<p class=\"has-text-align-center\"><a href=\"https:\/\/www.facebook.com\/DariuszOlszewskiDO\" target=\"_blank\" rel=\"noreferrer noopener\"><strong>Dariusz Olszewski&nbsp;<\/strong><\/a><\/p>\n\n\n\n<p class=\"has-text-align-center team-member-email\">Zast\u0119pca Prezesa<\/p>\n<\/div>\n<\/div>\n<\/div>\n\n\n\n<div class=\"wp-block-columns is-layout-flex wp-container-core-columns-is-layout-28f84493 wp-block-columns-is-layout-flex\">\n<div class=\"wp-block-column team-column is-layout-flow wp-block-column-is-layout-flow\">\n<div class=\"wp-block-group team-content-wrapper is-layout-flow wp-block-group-is-layout-flow\">\n<figure class=\"wp-block-image size-full\"><img loading=\"lazy\" decoding=\"async\" width=\"240\" height=\"240\" src=\"http:\/\/razemdlabialoleki.waw.pl\/wp-content\/uploads\/2024\/05\/3-1.png\" alt=\"\" class=\"wp-image-21310\" srcset=\"http:\/\/razemdlabialoleki.waw.pl\/wp-content\/uploads\/2024\/05\/3-1.png 240w, http:\/\/razemdlabialoleki.waw.pl\/wp-content\/uploads\/2024\/05\/3-1-150x150.png 150w\" sizes=\"auto, (max-width: 240px) 100vw, 240px\" \/><\/figure>\n\n\n\n<p class=\"has-text-align-center\"><a href=\"https:\/\/www.facebook.com\/ewa.lewandowska.35728\" target=\"_blank\" rel=\"noreferrer noopener\"><\/a><a href=\"https:\/\/www.facebook.com\/ewa.lewandowska.35728\" data-type=\"page\" data-id=\"19832\" target=\"_blank\" rel=\"noreferrer noopener\"><strong>Ewa Lewandowska<\/strong><\/a><\/p>\n\n\n\n<p class=\"has-text-align-center team-member-email\">Sekretarz<\/p>\n<\/div>\n<\/div>\n\n\n\n<div class=\"wp-block-column team-column is-layout-flow wp-block-column-is-layout-flow\">\n<div class=\"wp-block-group team-content-wrapper is-layout-flow wp-block-group-is-layout-flow\">\n<figure class=\"wp-block-image size-full\"><img loading=\"lazy\" decoding=\"async\" width=\"240\" height=\"240\" src=\"http:\/\/razemdlabialoleki.waw.pl\/wp-content\/uploads\/2024\/05\/6-1.png\" alt=\"\" class=\"wp-image-21309\" srcset=\"http:\/\/razemdlabialoleki.waw.pl\/wp-content\/uploads\/2024\/05\/6-1.png 240w, http:\/\/razemdlabialoleki.waw.pl\/wp-content\/uploads\/2024\/05\/6-1-150x150.png 150w\" sizes=\"auto, (max-width: 240px) 100vw, 240px\" \/><\/figure>\n\n\n\n<p class=\"has-text-align-center\"><strong><strong><a href=\"https:\/\/www.facebook.com\/kinga.mazurek.1291\" target=\"_blank\" rel=\"noreferrer noopener\">Kinga Mazurek<\/a><\/strong><\/strong><\/p>\n\n\n\n<p class=\"has-text-align-center team-member-email\">Cz\u0142onek Zarz\u0105du<\/p>\n<\/div>\n<\/div>\n\n\n\n<div class=\"wp-block-column team-column is-layout-flow wp-block-column-is-layout-flow\">\n<div class=\"wp-block-group team-content-wrapper is-layout-flow wp-block-group-is-layout-flow\">\n<figure class=\"wp-block-image size-full\"><img loading=\"lazy\" decoding=\"async\" width=\"240\" height=\"240\" src=\"http:\/\/razemdlabialoleki.waw.pl\/wp-content\/uploads\/2025\/05\/Kamila-Sabat.png\" alt=\"\" class=\"wp-image-22363\" srcset=\"http:\/\/razemdlabialoleki.waw.pl\/wp-content\/uploads\/2025\/05\/Kamila-Sabat.png 240w, http:\/\/razemdlabialoleki.waw.pl\/wp-content\/uploads\/2025\/05\/Kamila-Sabat-150x150.png 150w\" sizes=\"auto, (max-width: 240px) 100vw, 240px\" \/><\/figure>\n\n\n\n<p class=\"has-text-align-center\"><strong><a href=\"https:\/\/www.facebook.com\/kamila.sabat.9\" target=\"_blank\" rel=\"noreferrer noopener\">Kamila Sabat<\/a><\/strong><\/p>\n\n\n\n<p class=\"has-text-align-center team-member-email\">Cz\u0142onek Zarz\u0105du<\/p>\n<\/div>\n<\/div>\n<\/div>\n\n\n\n<div class=\"wp-block-columns is-layout-flex wp-container-core-columns-is-layout-28f84493 wp-block-columns-is-layout-flex\">\n<div class=\"wp-block-column team-column is-layout-flow wp-block-column-is-layout-flow\"><\/div>\n\n\n\n<div class=\"wp-block-column team-column is-layout-flow wp-block-column-is-layout-flow\">\n<div class=\"wp-block-group team-content-wrapper is-layout-flow wp-block-group-is-layout-flow\">\n<figure class=\"wp-block-image size-full\"><img loading=\"lazy\" decoding=\"async\" width=\"240\" height=\"240\" src=\"http:\/\/razemdlabialoleki.waw.pl\/wp-content\/uploads\/2024\/05\/4-1.png\" alt=\"\" class=\"wp-image-21308\" srcset=\"http:\/\/razemdlabialoleki.waw.pl\/wp-content\/uploads\/2024\/05\/4-1.png 240w, http:\/\/razemdlabialoleki.waw.pl\/wp-content\/uploads\/2024\/05\/4-1-150x150.png 150w\" sizes=\"auto, (max-width: 240px) 100vw, 240px\" \/><\/figure>\n\n\n\n<p class=\"has-text-align-center\"><a href=\"https:\/\/www.facebook.com\/agnieszka.adamowicz.549\" target=\"_blank\" rel=\"noreferrer noopener\"><strong>Agnieszka Fol\u0119ga<\/strong><\/a><\/p>\n\n\n\n<p class=\"has-text-align-center team-member-email\">Skarbnik<\/p>\n<\/div>\n<\/div>\n\n\n\n<div class=\"wp-block-column team-column is-layout-flow wp-block-column-is-layout-flow\"><\/div>\n<\/div>\n\n\n\n<p><\/p>\n\n\n\n<h2 class=\"wp-block-heading has-text-align-center\">Komisja Rewizyjna<\/h2>\n\n\n\n<p class=\"has-text-align-center\">Joanna Rabiczko &#8211; przewodnicz\u0105ca<\/p>\n\n\n\n<p class=\"has-text-align-center\">Kamil Chmielewski &#8211; cz\u0142onek<\/p>\n\n\n\n<p class=\"has-text-align-center\">Mateusz Senko &#8211; cz\u0142onek<\/p>\n\n\n\n<p class=\"has-text-align-center\">Micha\u0142 Zaborowski &#8211; cz\u0142onek<\/p>\n","protected":false},"excerpt":{"rendered":"<p>Zarz\u0105d Danuta Zaleska Prezes Jan Mackiewicz Zast\u0119pca Prezesa Dariusz Olszewski&nbsp; Zast\u0119pca Prezesa Ewa Lewandowska Sekretarz Kinga Mazurek Cz\u0142onek Zarz\u0105du Kamila Sabat Cz\u0142onek Zarz\u0105du Agnieszka Fol\u0119ga Skarbnik Komisja Rewizyjna Joanna Rabiczko &#8211; przewodnicz\u0105ca Kamil Chmielewski &#8211; cz\u0142onek Mateusz Senko &#8211; cz\u0142onek Micha\u0142 Zaborowski &#8211; cz\u0142onek<\/p>\n","protected":false},"author":1,"featured_media":0,"parent":0,"menu_order":0,"comment_status":"closed","ping_status":"closed","template":"","meta":{"ngg_post_thumbnail":0,"footnotes":""},"class_list":["post-63","page","type-page","status-publish","hentry"],"_links":{"self":[{"href":"http:\/\/razemdlabialoleki.waw.pl\/index.php?rest_route=\/wp\/v2\/pages\/63","targetHints":{"allow":["GET"]}}],"collection":[{"href":"http:\/\/razemdlabialoleki.waw.pl\/index.php?rest_route=\/wp\/v2\/pages"}],"about":[{"href":"http:\/\/razemdlabialoleki.waw.pl\/index.php?rest_route=\/wp\/v2\/types\/page"}],"author":[{"embeddable":true,"href":"http:\/\/razemdlabialoleki.waw.pl\/index.php?rest_route=\/wp\/v2\/users\/1"}],"replies":[{"embeddable":true,"href":"http:\/\/razemdlabialoleki.waw.pl\/index.php?rest_route=%2Fwp%2Fv2%2Fcomments&post=63"}],"version-history":[{"count":40,"href":"http:\/\/razemdlabialoleki.waw.pl\/index.php?rest_route=\/wp\/v2\/pages\/63\/revisions"}],"predecessor-version":[{"id":22364,"href":"http:\/\/razemdlabialoleki.waw.pl\/index.php?rest_route=\/wp\/v2\/pages\/63\/revisions\/22364"}],"wp:attachment":[{"href":"http:\/\/razemdlabialoleki.waw.pl\/index.php?rest_route=%2Fwp%2Fv2%2Fmedia&parent=63"}],"curies":[{"name":"wp","href":"https:\/\/api.w.org\/{rel}","templated":true}]}}