{"id":44,"date":"2016-01-20T12:50:14","date_gmt":"2016-01-20T12:50:14","guid":{"rendered":"http:\/\/razemdlabialoleki.waw.pl\/?page_id=44"},"modified":"2025-12-08T09:52:01","modified_gmt":"2025-12-08T08:52:01","slug":"klub-radnych-razem-dla-bialoleki","status":"publish","type":"page","link":"http:\/\/razemdlabialoleki.waw.pl\/?page_id=44","title":{"rendered":"Samorz\u0105d"},"content":{"rendered":"\n<h2 class=\"wp-block-heading has-text-align-center\">Stowarzyszenie Razem dla Bia\u0142o\u0142\u0119ki w samorz\u0105dzie<\/h2>\n\n\n\n<p><\/p>\n\n\n\n<figure class=\"wp-block-image size-large is-resized\"><img loading=\"lazy\" decoding=\"async\" width=\"1024\" height=\"954\" src=\"http:\/\/razemdlabialoleki.waw.pl\/wp-content\/uploads\/2024\/05\/radni_okregi_24-2-1024x954.png\" alt=\"\" class=\"wp-image-21336\" style=\"width:760px;height:auto\" srcset=\"http:\/\/razemdlabialoleki.waw.pl\/wp-content\/uploads\/2024\/05\/radni_okregi_24-2-1024x954.png 1024w, http:\/\/razemdlabialoleki.waw.pl\/wp-content\/uploads\/2024\/05\/radni_okregi_24-2-300x280.png 300w, http:\/\/razemdlabialoleki.waw.pl\/wp-content\/uploads\/2024\/05\/radni_okregi_24-2-768x716.png 768w, http:\/\/razemdlabialoleki.waw.pl\/wp-content\/uploads\/2024\/05\/radni_okregi_24-2.png 1100w\" sizes=\"auto, (max-width: 1024px) 100vw, 1024px\" \/><\/figure>\n\n\n\n<p class=\"has-text-align-center\"><strong style=\"caret-color: rgb(0, 0, 0); color: rgb(0, 0, 0); white-space: normal;\">Zarz\u0105d Dzielnicy Bia\u0142o\u0142\u0119ka<\/strong><\/p>\n\n\n\n<div class=\"wp-block-columns is-layout-flex wp-container-core-columns-is-layout-28f84493 wp-block-columns-is-layout-flex\">\n<div class=\"wp-block-column team-column is-layout-flow wp-block-column-is-layout-flow\">\n<div class=\"wp-block-group team-content-wrapper is-layout-flow wp-block-group-is-layout-flow\">\n<figure class=\"wp-block-image aligncenter size-full\"><img loading=\"lazy\" decoding=\"async\" width=\"240\" height=\"240\" src=\"http:\/\/razemdlabialoleki.waw.pl\/wp-content\/uploads\/2024\/02\/20.png\" alt=\"\" class=\"wp-image-20737\" srcset=\"http:\/\/razemdlabialoleki.waw.pl\/wp-content\/uploads\/2024\/02\/20.png 240w, http:\/\/razemdlabialoleki.waw.pl\/wp-content\/uploads\/2024\/02\/20-150x150.png 150w\" sizes=\"auto, (max-width: 240px) 100vw, 240px\" \/><\/figure>\n\n\n\n<p class=\"has-text-align-center\"><strong><strong><a href=\"https:\/\/www.facebook.com\/JanMackiewiczUD\" target=\"_blank\" rel=\"noreferrer noopener\">Jan Mackiewicz<\/a><\/strong><\/strong><\/p>\n\n\n\n<p class=\"has-text-align-center team-member-email\">Zast\u0119pca Burmistrza Dzielnicy Bia\u0142o\u0142\u0119ka m.st. Warszawy<\/p>\n\n\n\n<p><\/p>\n<\/div>\n<\/div>\n<\/div>\n\n\n\n<p class=\"has-text-align-center\"><\/p>\n\n\n\n<div class=\"wp-block-columns is-layout-flex wp-container-core-columns-is-layout-28f84493 wp-block-columns-is-layout-flex\">\n<div class=\"wp-block-column team-column is-layout-flow wp-block-column-is-layout-flow\">\n<div class=\"wp-block-group team-content-wrapper is-layout-flow wp-block-group-is-layout-flow\">\n<figure class=\"wp-block-image aligncenter size-full\"><img loading=\"lazy\" decoding=\"async\" width=\"240\" height=\"240\" src=\"http:\/\/razemdlabialoleki.waw.pl\/wp-content\/uploads\/2024\/05\/9.png\" alt=\"\" class=\"wp-image-21315\" srcset=\"http:\/\/razemdlabialoleki.waw.pl\/wp-content\/uploads\/2024\/05\/9.png 240w, http:\/\/razemdlabialoleki.waw.pl\/wp-content\/uploads\/2024\/05\/9-150x150.png 150w\" sizes=\"auto, (max-width: 240px) 100vw, 240px\" \/><\/figure>\n\n\n\n<p class=\"has-text-align-center\"><strong><strong><a href=\"https:\/\/www.facebook.com\/cieszkowski\" target=\"_blank\" rel=\"noreferrer noopener\">Piotr Cieszkowski<\/a><\/strong><\/strong><\/p>\n\n\n\n<p class=\"has-text-align-center team-member-email\">Zast\u0119pca Burmistrza Dzielnicy Bia\u0142o\u0142\u0119ka m.st. Warszawy<\/p>\n\n\n\n<p><\/p>\n<\/div>\n<\/div>\n<\/div>\n\n\n\n<p class=\"has-text-align-center\"><strong>Rada Dzielnicy Bia\u0142o\u0142\u0119ka<\/strong><\/p>\n\n\n\n<p class=\"has-text-align-center\">Klub Radnych Razem dla Bia\u0142o\u0142\u0119ki <\/p>\n\n\n\n<p><\/p>\n\n\n\n<p><\/p>\n\n\n\n<div class=\"wp-block-columns is-layout-flex wp-container-core-columns-is-layout-28f84493 wp-block-columns-is-layout-flex\">\n<div class=\"wp-block-column team-column is-layout-flow wp-block-column-is-layout-flow\">\n<div class=\"wp-block-group team-content-wrapper is-layout-flow wp-block-group-is-layout-flow\">\n<figure class=\"wp-block-image aligncenter size-full\"><img loading=\"lazy\" decoding=\"async\" width=\"240\" height=\"240\" src=\"http:\/\/razemdlabialoleki.waw.pl\/wp-content\/uploads\/2024\/05\/19.png\" alt=\"\" class=\"wp-image-21317\" srcset=\"http:\/\/razemdlabialoleki.waw.pl\/wp-content\/uploads\/2024\/05\/19.png 240w, http:\/\/razemdlabialoleki.waw.pl\/wp-content\/uploads\/2024\/05\/19-150x150.png 150w\" sizes=\"auto, (max-width: 240px) 100vw, 240px\" \/><\/figure>\n\n\n\n<p class=\"has-text-align-center\"><a href=\"https:\/\/www.facebook.com\/DariuszOlszewskiStowarzyszenieRazemdlaBialoleki\" target=\"_blank\" rel=\"noreferrer noopener\"><strong>Dariusz Olszewski<\/strong><\/a><\/p>\n\n\n\n<p class=\"has-text-align-center team-member-email\">Przewodnicz\u0105cy Klubu Radnych Razem dla Bia\u0142o\u0142\u0119ki<\/p>\n<\/div>\n<\/div>\n<\/div>\n\n\n\n<p><\/p>\n\n\n\n<div class=\"wp-block-group team-content-wrapper is-layout-flow wp-block-group-is-layout-flow\">\n<figure class=\"wp-block-image aligncenter size-full\"><img loading=\"lazy\" decoding=\"async\" width=\"240\" height=\"240\" src=\"https:\/\/razemdlabialoleki.waw.pl\/wp-content\/uploads\/2023\/12\/8-1.png\" alt=\"\" class=\"wp-image-20298\" srcset=\"http:\/\/razemdlabialoleki.waw.pl\/wp-content\/uploads\/2023\/12\/8-1.png 240w, http:\/\/razemdlabialoleki.waw.pl\/wp-content\/uploads\/2023\/12\/8-1-150x150.png 150w\" sizes=\"auto, (max-width: 240px) 100vw, 240px\" \/><\/figure>\n\n\n\n<p class=\"has-text-align-center\"><a href=\"https:\/\/www.facebook.com\/Danuta.Zaleska.RdB\" target=\"_blank\" rel=\"noreferrer noopener\"><span style=\"text-decoration: underline;\"><strong>Danuta Zaleska<\/strong><\/span><\/a><\/p>\n\n\n\n<p class=\"has-text-align-center team-member-email\">Wiceprzewodnicz\u0105ca Klubu Radnych Razem dla Bia\u0142o\u0142\u0119ki<\/p>\n<\/div>\n\n\n\n<p><\/p>\n\n\n\n<div class=\"wp-block-group team-content-wrapper is-layout-flow wp-block-group-is-layout-flow\">\n<figure class=\"wp-block-image aligncenter size-full\"><img loading=\"lazy\" decoding=\"async\" width=\"240\" height=\"240\" src=\"http:\/\/razemdlabialoleki.waw.pl\/wp-content\/uploads\/2024\/05\/42.png\" alt=\"\" class=\"wp-image-21319\" srcset=\"http:\/\/razemdlabialoleki.waw.pl\/wp-content\/uploads\/2024\/05\/42.png 240w, http:\/\/razemdlabialoleki.waw.pl\/wp-content\/uploads\/2024\/05\/42-150x150.png 150w\" sizes=\"auto, (max-width: 240px) 100vw, 240px\" \/><\/figure>\n\n\n\n<p class=\"has-text-align-center\"><strong><a href=\"https:\/\/www.facebook.com\/profile.php?id=100000506169713\" target=\"_blank\" rel=\"noreferrer noopener\">Sebastian Gut<\/a><\/strong><\/p>\n\n\n\n<p class=\"has-text-align-center team-member-email\">Radny Dzielnicy Bia\u0142o\u0142\u0119ka m.st. Warszawy<\/p>\n\n\n\n<p><\/p>\n<\/div>\n\n\n\n<div class=\"wp-block-columns is-layout-flex wp-container-core-columns-is-layout-28f84493 wp-block-columns-is-layout-flex\">\n<div class=\"wp-block-column team-column is-layout-flow wp-block-column-is-layout-flow\">\n<div class=\"wp-block-group team-content-wrapper is-layout-flow wp-block-group-is-layout-flow\">\n<figure class=\"wp-block-image aligncenter size-full\"><img loading=\"lazy\" decoding=\"async\" width=\"240\" height=\"240\" src=\"https:\/\/razemdlabialoleki.waw.pl\/wp-content\/uploads\/2023\/12\/10-1.png\" alt=\"\" class=\"wp-image-20297\" srcset=\"http:\/\/razemdlabialoleki.waw.pl\/wp-content\/uploads\/2023\/12\/10-1.png 240w, http:\/\/razemdlabialoleki.waw.pl\/wp-content\/uploads\/2023\/12\/10-1-150x150.png 150w\" sizes=\"auto, (max-width: 240px) 100vw, 240px\" \/><\/figure>\n\n\n\n<p class=\"has-text-align-center\"><a href=\"https:\/\/www.facebook.com\/profile.php?id=100066884915139\" target=\"_blank\" rel=\"noreferrer noopener\"><span style=\"text-decoration: underline;\"><strong>Mariola Olszewska<\/strong><\/span><\/a><\/p>\n\n\n\n<p class=\"has-text-align-center team-member-email\">Radna Dzielnicy Bia\u0142o\u0142\u0119ka m.st. Warszawy<\/p>\n<\/div>\n<\/div>\n<\/div>\n\n\n\n<p><\/p>\n\n\n\n<div class=\"wp-block-group team-content-wrapper is-layout-flow wp-block-group-is-layout-flow\">\n<figure class=\"wp-block-image aligncenter size-full\"><img loading=\"lazy\" decoding=\"async\" width=\"240\" height=\"240\" src=\"http:\/\/razemdlabialoleki.waw.pl\/wp-content\/uploads\/2024\/05\/13.png\" alt=\"\" class=\"wp-image-21321\" srcset=\"http:\/\/razemdlabialoleki.waw.pl\/wp-content\/uploads\/2024\/05\/13.png 240w, http:\/\/razemdlabialoleki.waw.pl\/wp-content\/uploads\/2024\/05\/13-150x150.png 150w\" sizes=\"auto, (max-width: 240px) 100vw, 240px\" \/><\/figure>\n\n\n\n<p class=\"has-text-align-center\"><strong><a href=\"https:\/\/www.facebook.com\/profile.php?id=100092155123794\" target=\"_blank\" rel=\"noreferrer noopener\">El\u017cbieta Ramus-Bia\u0142orucka<\/a><\/strong><\/p>\n\n\n\n<p class=\"has-text-align-center team-member-email\">Radna Dzielnicy Bia\u0142o\u0142\u0119ka m.st. Warszawy<\/p>\n<\/div>\n\n\n\n<p><\/p>\n\n\n\n<div class=\"wp-block-group team-content-wrapper is-layout-flow wp-block-group-is-layout-flow\">\n<figure class=\"wp-block-image aligncenter size-full\"><img loading=\"lazy\" decoding=\"async\" width=\"240\" height=\"240\" src=\"http:\/\/razemdlabialoleki.waw.pl\/wp-content\/uploads\/2025\/05\/Kamila-Sabat.png\" alt=\"\" class=\"wp-image-22363\" srcset=\"http:\/\/razemdlabialoleki.waw.pl\/wp-content\/uploads\/2025\/05\/Kamila-Sabat.png 240w, http:\/\/razemdlabialoleki.waw.pl\/wp-content\/uploads\/2025\/05\/Kamila-Sabat-150x150.png 150w\" sizes=\"auto, (max-width: 240px) 100vw, 240px\" \/><\/figure>\n\n\n\n<p class=\"has-text-align-center\"><a href=\"https:\/\/www.facebook.com\/kamila.sabat.9\" target=\"_blank\" rel=\"noreferrer noopener\"><strong>Kamila Sabat<\/strong><\/a><\/p>\n\n\n\n<p class=\"has-text-align-center team-member-email\">Radna Dzielnicy Bia\u0142o\u0142\u0119ka m.st. Warszawy<\/p>\n\n\n\n<p><\/p>\n\n\n\n<figure class=\"wp-block-image aligncenter size-full\"><img loading=\"lazy\" decoding=\"async\" width=\"240\" height=\"240\" src=\"http:\/\/razemdlabialoleki.waw.pl\/wp-content\/uploads\/2024\/05\/12.png\" alt=\"\" class=\"wp-image-21323\" srcset=\"http:\/\/razemdlabialoleki.waw.pl\/wp-content\/uploads\/2024\/05\/12.png 240w, http:\/\/razemdlabialoleki.waw.pl\/wp-content\/uploads\/2024\/05\/12-150x150.png 150w\" sizes=\"auto, (max-width: 240px) 100vw, 240px\" \/><\/figure>\n\n\n\n<p class=\"has-text-align-center\"><strong><a href=\"https:\/\/www.facebook.com\/MateuszSenko\" target=\"_blank\" rel=\"noreferrer noopener\">Mateusz Senko<\/a><\/strong><\/p>\n\n\n\n<p class=\"has-text-align-center team-member-email\">Radny Dzielnicy Bia\u0142o\u0142\u0119ka m.st. Warszawy<\/p>\n\n\n\n<p><\/p>\n<\/div>\n\n\n\n<div class=\"wp-block-columns is-layout-flex wp-container-core-columns-is-layout-28f84493 wp-block-columns-is-layout-flex\"><\/div>\n\n\n\n<div class=\"wp-block-buttons is-content-justification-center is-layout-flex wp-container-core-buttons-is-layout-a89b3969 wp-block-buttons-is-layout-flex\">\n<div class=\"wp-block-button\"><a class=\"wp-block-button__link has-text-align-center wp-element-button\" href=\"https:\/\/bip.warszawa.pl\/web\/bialoleka\/interpelacje-zapytania-szukaj?p_p_id=web_content_search_portlet_INSTANCE_owtt&amp;p_p_lifecycle=0&amp;p_p_state=normal&amp;p_p_mode=view&amp;_web_content_search_portlet_INSTANCE_owtt_mvcPath=%2Fview.jsp&amp;_web_content_search_portlet_INSTANCE_owtt_cur=1&amp;_web_content_search_portlet_INSTANCE_owtt_orderByType=desc&amp;_web_content_search_portlet_INSTANCE_owtt_topic=Wszystko&amp;_web_content_search_portlet_INSTANCE_owtt_district-configuration=46379&amp;_web_content_search_portlet_INSTANCE_owtt_position-configuration=Wszystko&amp;_web_content_search_portlet_INSTANCE_owtt_categoryIds=1866713%2C1046979\" target=\"_blank\" rel=\"noreferrer noopener\">Zobacz interpelacje KLUBU RAZEM DLA BIA\u0141O\u0141\u0118KI<\/a><\/div>\n<\/div>\n\n\n\n<p><\/p>\n","protected":false},"excerpt":{"rendered":"<p>Stowarzyszenie Razem dla Bia\u0142o\u0142\u0119ki w samorz\u0105dzie Zarz\u0105d Dzielnicy Bia\u0142o\u0142\u0119ka Jan Mackiewicz Zast\u0119pca Burmistrza Dzielnicy Bia\u0142o\u0142\u0119ka m.st. Warszawy Piotr Cieszkowski Zast\u0119pca Burmistrza Dzielnicy Bia\u0142o\u0142\u0119ka m.st. Warszawy Rada Dzielnicy Bia\u0142o\u0142\u0119ka Klub Radnych Razem dla Bia\u0142o\u0142\u0119ki Dariusz Olszewski Przewodnicz\u0105cy Klubu Radnych Razem dla Bia\u0142o\u0142\u0119ki Danuta Zaleska Wiceprzewodnicz\u0105ca Klubu Radnych Razem dla Bia\u0142o\u0142\u0119ki Sebastian Gut Radny Dzielnicy Bia\u0142o\u0142\u0119ka m.st. [&hellip;]<\/p>\n","protected":false},"author":1,"featured_media":0,"parent":0,"menu_order":0,"comment_status":"closed","ping_status":"closed","template":"","meta":{"ngg_post_thumbnail":0,"footnotes":""},"class_list":["post-44","page","type-page","status-publish","hentry"],"_links":{"self":[{"href":"http:\/\/razemdlabialoleki.waw.pl\/index.php?rest_route=\/wp\/v2\/pages\/44","targetHints":{"allow":["GET"]}}],"collection":[{"href":"http:\/\/razemdlabialoleki.waw.pl\/index.php?rest_route=\/wp\/v2\/pages"}],"about":[{"href":"http:\/\/razemdlabialoleki.waw.pl\/index.php?rest_route=\/wp\/v2\/types\/page"}],"author":[{"embeddable":true,"href":"http:\/\/razemdlabialoleki.waw.pl\/index.php?rest_route=\/wp\/v2\/users\/1"}],"replies":[{"embeddable":true,"href":"http:\/\/razemdlabialoleki.waw.pl\/index.php?rest_route=%2Fwp%2Fv2%2Fcomments&post=44"}],"version-history":[{"count":91,"href":"http:\/\/razemdlabialoleki.waw.pl\/index.php?rest_route=\/wp\/v2\/pages\/44\/revisions"}],"predecessor-version":[{"id":23266,"href":"http:\/\/razemdlabialoleki.waw.pl\/index.php?rest_route=\/wp\/v2\/pages\/44\/revisions\/23266"}],"wp:attachment":[{"href":"http:\/\/razemdlabialoleki.waw.pl\/index.php?rest_route=%2Fwp%2Fv2%2Fmedia&parent=44"}],"curies":[{"name":"wp","href":"https:\/\/api.w.org\/{rel}","templated":true}]}}