{"id":35,"date":"2016-01-20T09:35:36","date_gmt":"2016-01-20T09:35:36","guid":{"rendered":"http:\/\/razemdlabialoleki.waw.pl\/?page_id=35"},"modified":"2026-02-11T15:06:19","modified_gmt":"2026-02-11T14:06:19","slug":"o-nas","status":"publish","type":"page","link":"http:\/\/razemdlabialoleki.waw.pl\/?page_id=35","title":{"rendered":"O Nas"},"content":{"rendered":"\n<h2 class=\"wp-block-heading has-text-align-center\">Poznaj Stowarzyszenie Razem dla Bia\u0142o\u0142\u0119ki<\/h2>\n\n\n\n<p>Jeste\u015bmy grup\u0105 otwartych i zaanga\u017cowanych ludzi. Od 11 lat pracujemy dla Mieszka\u0144c\u00f3w i razem z Mieszka\u0144cami, wsp\u00f3lnie zabiegaj\u0105c o rozw\u00f3j naszej dzielnicy.\u00a0Dzia\u0142amy spo\u0142ecznie i charytatywnie, <a href=\"http:\/\/razemdlabialoleki.waw.pl\/?page_id=9928\">organizujemy i wspieramy lokalne inicjatywy<\/a>.<\/p>\n\n\n\n<figure class=\"wp-block-image size-large\"><img loading=\"lazy\" decoding=\"async\" width=\"1024\" height=\"1024\" src=\"http:\/\/razemdlabialoleki.waw.pl\/wp-content\/uploads\/2023\/12\/404564639_277194932017548_4736197173995389041_n-1024x1024.jpg\" alt=\"\" class=\"wp-image-19938\" srcset=\"http:\/\/razemdlabialoleki.waw.pl\/wp-content\/uploads\/2023\/12\/404564639_277194932017548_4736197173995389041_n-1024x1024.jpg 1024w, http:\/\/razemdlabialoleki.waw.pl\/wp-content\/uploads\/2023\/12\/404564639_277194932017548_4736197173995389041_n-300x300.jpg 300w, http:\/\/razemdlabialoleki.waw.pl\/wp-content\/uploads\/2023\/12\/404564639_277194932017548_4736197173995389041_n-150x150.jpg 150w, http:\/\/razemdlabialoleki.waw.pl\/wp-content\/uploads\/2023\/12\/404564639_277194932017548_4736197173995389041_n-768x768.jpg 768w, http:\/\/razemdlabialoleki.waw.pl\/wp-content\/uploads\/2023\/12\/404564639_277194932017548_4736197173995389041_n-1536x1536.jpg 1536w, http:\/\/razemdlabialoleki.waw.pl\/wp-content\/uploads\/2023\/12\/404564639_277194932017548_4736197173995389041_n-400x400.jpg 400w, http:\/\/razemdlabialoleki.waw.pl\/wp-content\/uploads\/2023\/12\/404564639_277194932017548_4736197173995389041_n.jpg 2048w\" sizes=\"auto, (max-width: 1024px) 100vw, 1024px\" \/><\/figure>\n\n\n\n<p>\u0141\u0105czymy <a href=\"http:\/\/razemdlabialoleki.waw.pl\/?page_id=44\">dzia\u0142alno\u015b\u0107 samorz\u0105dow\u0105<\/a> z inicjowaniem i wsp\u00f3\u0142prac\u0105 w zakresie projekt\u00f3w lokalnych &#8211; ze szczeg\u00f3lnym naciskiem na problematyk\u0119 infrastrukturaln\u0105 i komunikacyjn\u0105, o\u015bwiat\u0119, sport, ochron\u0119 \u015brodowiska, kultur\u0119 czy histori\u0119 naszej dzielnicy. Serdecznie zapraszamy do wsp\u00f3\u0142pracy!<\/p>\n\n\n\n<p>Razem mo\u017cemy wi\u0119cej! Je\u017celi chcesz wesprze\u0107 nasze dzia\u0142ania, przeka\u017c 1,5% podatku na Stowarzyszenie Razem dla Bia\u0142o\u0142\u0119ki &#8211; KRS: 0000601143 &#8211; dzi\u0119kujemy <img loading=\"lazy\" decoding=\"async\" height=\"16\" width=\"16\" src=\"https:\/\/static.xx.fbcdn.net\/images\/emoji.php\/v9\/t94\/1\/16\/1f49a.png\" alt=\"\ud83d\udc9a\"><\/p>\n\n\n\n<figure class=\"wp-block-image size-large\"><img loading=\"lazy\" decoding=\"async\" width=\"1024\" height=\"1024\" src=\"http:\/\/razemdlabialoleki.waw.pl\/wp-content\/uploads\/2023\/12\/Untitled-design-67-1-1024x1024.png\" alt=\"\" class=\"wp-image-20213\" srcset=\"http:\/\/razemdlabialoleki.waw.pl\/wp-content\/uploads\/2023\/12\/Untitled-design-67-1-1024x1024.png 1024w, http:\/\/razemdlabialoleki.waw.pl\/wp-content\/uploads\/2023\/12\/Untitled-design-67-1-300x300.png 300w, http:\/\/razemdlabialoleki.waw.pl\/wp-content\/uploads\/2023\/12\/Untitled-design-67-1-150x150.png 150w, http:\/\/razemdlabialoleki.waw.pl\/wp-content\/uploads\/2023\/12\/Untitled-design-67-1-768x768.png 768w, http:\/\/razemdlabialoleki.waw.pl\/wp-content\/uploads\/2023\/12\/Untitled-design-67-1-400x400.png 400w, http:\/\/razemdlabialoleki.waw.pl\/wp-content\/uploads\/2023\/12\/Untitled-design-67-1.png 1080w\" sizes=\"auto, (max-width: 1024px) 100vw, 1024px\" \/><\/figure>\n\n\n\n<p>Nasze stowarzyszenie powsta\u0142o w 2015 r., a oficjalnie zosta\u0142o zarejestrowane w lutym 2016 r. Skupia kilkudziesi\u0119ciu cz\u0142onk\u00f3w, a cele, jakie sobie stawia, to mi\u0119dzy innymi: dzia\u0142alno\u015b\u0107 charytatywna, edukacyjna, integracyjna, aktywno\u015b\u0107 w dzielnicowej przestrzeni kulturalnej i samorz\u0105dowej&nbsp;&nbsp;oraz&nbsp;&nbsp;w zakresie promowania sportu i zdrowego trybu \u017cycia. Realizowane projekty to mi\u0119dzy innymi: zbi\u00f3rki charytatywne dla os\u00f3b potrzebuj\u0105cych oraz dzieci z bia\u0142o\u0142\u0119ckich Dom\u00f3w Dziecka, zbi\u00f3rka na rzecz ratowania zabytkowych nagrobk\u00f3w na Cmentarzu Tarchomi\u0144skim, konferencje edukacyjne poruszaj\u0105ce tematyk\u0119 autyzmu, cukrzycy czy przemocy w szko\u0142ach, wszelkiego rodzaju imprezy plenerowe, pikniki, festyny.<\/p>\n\n\n\n<p>Stowarzyszenie Razem dla Bia\u0142o\u0142\u0119ki jest odpowiedzi\u0105 na zapotrzebowanie Mieszka\u0144c\u00f3w dzielnicy oraz poszczeg\u00f3lnych grup spo\u0142ecznych. W swojej dzia\u0142alno\u015bci skupiamy si\u0119 na otwarto\u015bci i poszanowaniu wzajemnych relacji. Chcemy wp\u0142ywa\u0107 na rozw\u00f3j, popraw\u0119 jako\u015bci \u017cycia oraz wizerunek naszej dzielnicy, a tak\u017ce zaproponowa\u0107 szerokie spektrum dzia\u0142a\u0144, poczynaj\u0105c od wsp\u00f3\u0142pracy z samorz\u0105dem, przez wspieranie Mieszka\u0144c\u00f3w, inicjowanie i wsp\u00f3\u0142prac\u0119 w zakresie inicjatyw lokalnych, ze szczeg\u00f3lnym naciskiem na problematyk\u0119 infrastrukturaln\u0105 i komunikacyjn\u0105, dzia\u0142alno\u015b\u0107 promuj\u0105c\u0105 sport, kultur\u0119 i histori\u0119 naszej dzielnicy. Chcemy, aby poprzez konsultacje spo\u0142eczne oraz inne dost\u0119pne instrumenty Mieszka\u0144cy mogli wsp\u00f3\u0142decydowa\u0107, wyra\u017ca\u0107 opinie, a w konsekwencji osi\u0105ga\u0107 zamierzone cele.&nbsp;<\/p>\n\n\n\n<p>Jeste\u015bmy cz\u0142onkiem Dzielnicowej Komisji Dialogu Spo\u0142ecznego i mamy swojego przedstawiciela w tym prezydium. Na tym forum organizacje takie jak nasza wymieniaj\u0105 si\u0119 do\u015bwiadczeniami i podejmuj\u0105 wsp\u00f3lne dzia\u0142ania. To tutaj mo\u017cemy nawi\u0105zywa\u0107 wsp\u00f3\u0142prac\u0119&nbsp;&nbsp;z innymi &#8211; anga\u017cuj\u0105c dzieci, m\u0142odzie\u017c i doros\u0142ych.<\/p>\n\n\n\n<p>Oferta stowarzyszenia jest bardzo bogata, urozmaicona i ka\u017cdy mo\u017ce znale\u017a\u0107 w niej co\u015b dla siebie. To cz\u0119sto przedstawienia, konkursy wiedzy czy konkursy sportowe. W ramach grup tematycznych organizowali\u015bmy zaj\u0119cia z koszyk\u00f3wki, baseball, wymian\u0119 ksi\u0105\u017cek. Organizowane by\u0142y \u201eMiko\u0142ajki dla najm\u0142odszych\u201d w salach zabaw, konkursy fotografii i rysunku, charytatywne rajdy rowerowe i wiele innych aktywno\u015bci.<\/p>\n\n\n\n<p>Istotnym elementem naszej dzia\u0142alno\u015bci jest samorz\u0105d. Mamy w\u0142asnych przedstawicieli w Radzie Dzielnicy Bia\u0142o\u0142\u0119ka, kt\u00f3rzy to tworz\u0105 Klub Radnych Razem dla Bia\u0142o\u0142\u0119ki. Radni z tego klubu stanowi\u0105 bardzo aktywn\u0105 grup\u0119, kt\u00f3ra jest cz\u0119sto inicjatorem wielu bardzo potrzebnych dla Mieszka\u0144c\u00f3w zmian. Nasz klub jest alternatyw\u0105 dla partii politycznych, a w Radzie Dzielnicy chcemy jak najlepiej reprezentowa\u0107 interesy Mieszka\u0144c\u00f3w. Prowadzimy wiele dzia\u0142a\u0144 w zakresie komunikacji, o\u015bwiaty czy inwestycji.&nbsp;<\/p>\n\n\n\n<p>Podejmujemy uchwa\u0142y i stanowiska, kt\u00f3re przyczyniaj\u0105 si\u0119 do tego, aby Bia\u0142o\u0142\u0119ka rozwija\u0142a si\u0119 i by\u0142a przyjazna Mieszka\u0144com. Na sesjach i w komisjach radni pracuj\u0105 nad szczeg\u00f3\u0142owymi rozwi\u0105zaniami dla dzielnicy i jej spo\u0142eczno\u015bci. Nie boimy si\u0119 odpowiedzialno\u015bci, mamy w\u0142asnego przedstawiciela w Zarz\u0105dzie Dzielnicy i dzia\u0142amy razem, aby Bia\u0142o\u0142\u0119ka by\u0142a coraz bardziej przyjazna i by m\u00f3c powiedzie\u0107, \u017ce jest to moje miejsce na ziemi.<\/p>\n\n\n\n<p>W zakresie ochrony \u015brodowiska oraz w celu zwr\u00f3cenia uwagi na ten problem, cz\u0142onkowie stowarzyszenia organizuj\u0105 spo\u0142eczne akcje sprz\u0105tania. Podejmuj\u0105 te\u017c kroki, aby zasygnalizowa\u0107 problem smogu w dzielnicy i podj\u0105\u0107 odpowiednie kroki, by poprawi\u0107 jako\u015b\u0107 powietrza. Podczas organizowanych przez nas piknik\u00f3w ekologicznych, uczymy jak dba\u0107 o przyrod\u0119, a w ci\u0105gu trzech edycji posadzili\u015bmy tysi\u0105ce drzew.<\/p>\n\n\n\n<p>Jeste\u015bmy grup\u0105 ludzi z pasj\u0105, kt\u00f3rzy dzia\u0142aj\u0105 bezinteresownie, po\u015bwi\u0119caj\u0105c prywatny czas dla innych. \u015amia\u0142o mo\u017cna powiedzie\u0107, \u017ce mamy ogromny wp\u0142yw na kszta\u0142towanie naszej dzielnicy w wielu aspektach.<\/p>\n","protected":false},"excerpt":{"rendered":"<p>Poznaj Stowarzyszenie Razem dla Bia\u0142o\u0142\u0119ki Jeste\u015bmy grup\u0105 otwartych i zaanga\u017cowanych ludzi. Od 11 lat pracujemy dla Mieszka\u0144c\u00f3w i razem z Mieszka\u0144cami, wsp\u00f3lnie zabiegaj\u0105c o rozw\u00f3j naszej dzielnicy.\u00a0Dzia\u0142amy spo\u0142ecznie i charytatywnie, organizujemy i wspieramy lokalne inicjatywy. \u0141\u0105czymy dzia\u0142alno\u015b\u0107 samorz\u0105dow\u0105 z inicjowaniem i wsp\u00f3\u0142prac\u0105 w zakresie projekt\u00f3w lokalnych &#8211; ze szczeg\u00f3lnym naciskiem na problematyk\u0119 infrastrukturaln\u0105 i komunikacyjn\u0105, [&hellip;]<\/p>\n","protected":false},"author":1,"featured_media":0,"parent":0,"menu_order":0,"comment_status":"closed","ping_status":"closed","template":"","meta":{"ngg_post_thumbnail":0,"footnotes":""},"class_list":["post-35","page","type-page","status-publish","hentry"],"_links":{"self":[{"href":"http:\/\/razemdlabialoleki.waw.pl\/index.php?rest_route=\/wp\/v2\/pages\/35","targetHints":{"allow":["GET"]}}],"collection":[{"href":"http:\/\/razemdlabialoleki.waw.pl\/index.php?rest_route=\/wp\/v2\/pages"}],"about":[{"href":"http:\/\/razemdlabialoleki.waw.pl\/index.php?rest_route=\/wp\/v2\/types\/page"}],"author":[{"embeddable":true,"href":"http:\/\/razemdlabialoleki.waw.pl\/index.php?rest_route=\/wp\/v2\/users\/1"}],"replies":[{"embeddable":true,"href":"http:\/\/razemdlabialoleki.waw.pl\/index.php?rest_route=%2Fwp%2Fv2%2Fcomments&post=35"}],"version-history":[{"count":33,"href":"http:\/\/razemdlabialoleki.waw.pl\/index.php?rest_route=\/wp\/v2\/pages\/35\/revisions"}],"predecessor-version":[{"id":23497,"href":"http:\/\/razemdlabialoleki.waw.pl\/index.php?rest_route=\/wp\/v2\/pages\/35\/revisions\/23497"}],"wp:attachment":[{"href":"http:\/\/razemdlabialoleki.waw.pl\/index.php?rest_route=%2Fwp%2Fv2%2Fmedia&parent=35"}],"curies":[{"name":"wp","href":"https:\/\/api.w.org\/{rel}","templated":true}]}}