{"id":2833,"date":"2017-10-16T19:49:02","date_gmt":"2017-10-16T19:49:02","guid":{"rendered":"http:\/\/razemdlabialoleki.waw.pl\/?page_id=2833"},"modified":"2023-12-31T20:45:42","modified_gmt":"2023-12-31T19:45:42","slug":"cukrzyca","status":"publish","type":"page","link":"http:\/\/razemdlabialoleki.waw.pl\/?page_id=2833","title":{"rendered":"Cukrzyca"},"content":{"rendered":"\n<h2 class=\"wp-block-heading has-text-align-center\"><strong>Z Cukrzyc\u0105 na Ty, nie daj si\u0119!<\/strong><\/h2>\n\n\n<p style=\"text-align: justify;\">Stowarzyszenie Razem dla Bia\u0142o\u0142\u0119ki, Polska Federacja Edukacji w Diabetologii oraz Bia\u0142o\u0142\u0119cki O\u015brodek Kultury serdecznie zapraszaj\u0105 na realizowan\u0105 w ramach konkursu \u201eZrealizuj sw\u00f3j pomys\u0142 w BOK-u\u201d, <a href=\"https:\/\/razemdlabialoleki.waw.pl\/?p=3163\"><strong>Drug\u0105 Konferencj\u0119 Szkoleniow\u0105 Z Cukrzyc\u0105 na Ty, nie daj si\u0119! Moje dziecko wysz\u0142o z grupy ryzyka! <\/strong><\/a>w dniu <strong>18 listopada w Warszawie, w Bia\u0142o\u0142\u0119ckim O\u015brodku Kultury przy ul. Van Gogha 1.<\/strong><\/p>\n<p style=\"text-align: justify;\">Pomys\u0142odawczyni\u0105 i koordynatork\u0105 konferencji jest Ewa Gajewska \u2013 radna Dzielnicy Bia\u0142o\u0142\u0119ka, cz\u0142onkini naszego stowarzyszenia.<\/p>\n<p style=\"text-align: justify;\">Z rado\u015bci\u0105 informujemy, \u017ce konferencja zosta\u0142a obj\u0119ta honorowym patronatem Rzecznika Praw Dziecka, Marsza\u0142ka Wojew\u00f3dztwa Mazowieckiego oraz Burmistrz Dzielnicy Bia\u0142o\u0142\u0119ka.<\/p>\n<p style=\"text-align: justify;\">W tym roku m\u00f3wili\u015bmy mi\u0119dzy innymi czy warto edukowa\u0107 w szkole oraz o diecie jako jednym z wa\u017cniejszych czynnik\u00f3w profilaktyki w cukrzycy i utrzymania w\u0142a\u015bciwej masy cia\u0142a.<\/p>\n<p style=\"text-align: justify;\">Analiza przeprowadzona w ramach globalnego badania obci\u0105\u017cenia chorobami (Global Burden of Disease) w 2010 roku wskazuje, \u017ce spo\u015br\u00f3d wszystkich czynnik\u00f3w wywieraj\u0105cych negatywny wp\u0142yw na stan zdrowia i dobrostanu ludno\u015bci w Europejskim Regionie WHO najwa\u017cniejsze s\u0105 czynniki \u017cywieniowe. W ci\u0105gu ostatnich kilkudziesi\u0119ciu lat wiele pa\u0144stw regionu odnotowa\u0142o wzrost wska\u017anik\u00f3w nadwagi i oty\u0142o\u015bci. Zahamowanie wzrostu rozpowszechniania oty\u0142o\u015bci i cukrzycy oraz zahamowanie wzrostu rozpowszechniania nadwagi w\u015br\u00f3d dzieci poni\u017cej 5 roku \u017cycia \u2013 to cele Europejskiego Planu Dzia\u0142ania w dziedzinie \u017cywno\u015bci i \u017cywienia (\u0179r\u00f3d\u0142o: WHO, Europejski Plan Dzia\u0142ania w dziedzinie \u017cywno\u015bci i \u017cywienia 2015-2020). W wojew\u00f3dztwie mazowieckim mamy najwy\u017cszy wska\u017anik nadwagi i oty\u0142o\u015bci,&nbsp; ponad 30% uczni\u00f3w i niestety jest najwy\u017cszy w Polsce. (\u0179r\u00f3d\u0142o: Instytut \u017bywno\u015bci i \u017bywienia).<\/p>\n<p style=\"text-align: justify;\">Dlaczego dzieci nie lubi\u0105 i nie jedz\u0105 warzyw czy sur\u00f3wek? Jak je zach\u0119ci\u0107 do zdrowego jedzenia? Jak mo\u017cemy walczy\u0107 z nadwag\u0105 w\u015br\u00f3d dzieci i m\u0142odzie\u017cy? Czy dzieci znaj\u0105 produkty i wiedz\u0105 jak zdrowo si\u0119 od\u017cywia\u0107? Jak rozmawia\u0107 z dojrzewaj\u0105cym nastolatkiem, kt\u00f3ry jest chory na cukrzyc\u0119? Na te i inne pytania odpowiedzieli\u015bmy sobie podczas tegorocznej konferencji. Us\u0142yszeli\u015bmy r\u00f3wnie\u017c w jaki spos\u00f3b dziecko mo\u017ce wyj\u015b\u0107 z grupy ryzyka.<\/p>\n<p>W tegorocznej edycji wyk\u0142ad\u00f3w spotkali\u015bmy si\u0119 z prelegentami z: Polskiej Federacji Edukacji w&nbsp;Diabetologii, Fundacji Medicover oraz Fundacji Szko\u0142a na widelcu.<\/p>\n<p>Dzi\u0119ki wsp\u00f3\u0142pracy z PFED w trakcie konferencji by\u0142a mo\u017cliwo\u015b\u0107 pomiaru poziomu cukru we krwi.<\/p>\n<p>W dniu konferencji nast\u0105pi\u0142o r\u00f3wnie\u017c podsumowanie konkursu plastycznego <a href=\"https:\/\/www.facebook.com\/events\/141850143099956\/\" target=\"_blank\" rel=\"noopener\">Cukrzyca w moich oczach vol. 2<\/a> oraz uroczyste wr\u0119czenie nagr\u00f3d. Zaprosili\u015bmy Pa\u0144stwa tak\u017ce na wystaw\u0119 prac konkursowych. Podczas konferencji z losowo wybranych uczestnik\u00f3w, dzieci b\u0119d\u0105 wzi\u0119\u0142y udzia\u0142 w warsztacie kulinarnym przeprowadzonym przez Fundacj\u0119 Szko\u0142a na widelcu.<\/p>\n<p>Naszymi partnerami s\u0105 dodatkowo <a href=\"https:\/\/www.facebook.com\/ascensiacsi\/\" target=\"_blank\" rel=\"noopener\">Ascensia,<\/a> <a href=\"https:\/\/www.facebook.com\/egurroladancestudiotarchomin\/\" target=\"_blank\" rel=\"noopener\">Egurolla Dance Studio Tarchomin<\/a> oraz <span style=\"color: #505050; font-family: Lato,Verdana,sans-serif;\"> <a href=\"https:\/\/www.facebook.com\/warszawskieslodziaki\/\" target=\"_blank\" rel=\"noopener\">Fundacja dla Dzieci z Cukrzyc\u0105<\/a><\/span>.<\/p>\n<p style=\"text-align: justify;\">Wsparcie organizacyjne zapewniaj\u0105 sponsorzy: <a href=\"http:\/\/bakoma.pl\/\" target=\"_blank\" rel=\"noopener\">Bakoma<\/a>, <a href=\"https:\/\/www.facebook.com\/CentrumMedyczneBialoleka\/\" target=\"_blank\" rel=\"noopener\">Centrum Medyczne Bia\u0142o\u0142\u0119ka<\/a>, <a href=\"https:\/\/www.facebook.com\/DecathlonPolska\/\" target=\"_blank\" rel=\"noopener\">Decathlon<\/a>, <a href=\"https:\/\/www.facebook.com\/DHTarchomin\/\" target=\"_blank\" rel=\"noopener\">DH Tarchomin<\/a>, <a href=\"https:\/\/www.facebook.com\/Gardenanapl-Kwiaciarnia-162418997104337\/\" target=\"_blank\" rel=\"noopener\">Gardenana.pl Kwiaciarnia<\/a>, <a href=\"https:\/\/www.facebook.com\/Bar-Romanka-Romana-J%C3%B3zefowicz-329911890362759\/\" target=\"_blank\" rel=\"noopener\">Bar Romanka Romana J\u00f3zefowicz<\/a>, <a href=\"http:\/\/www.trodat.pl\/Pages\/Home.aspx\" target=\"_blank\" rel=\"noopener\">Trodat<\/a>, <a href=\"http:\/\/wodakrysztal.com.pl\/\" target=\"_blank\" rel=\"noopener\">Woda Kryszta\u0142<\/a> i <a href=\"https:\/\/www.facebook.com\/nowymedyk\/\" target=\"_blank\" rel=\"noopener\">Wydawnictwo Medyk<\/a>.<\/p>\n<p style=\"text-align: justify;\">Patronat\u00f3w medialnych udzielili nam: <a href=\"https:\/\/www.facebook.com\/BialolekaiTarchomin\/\" target=\"_blank\" rel=\"noopener\">Bia\u0142o\u0142\u0119ka &#8211; platforma s\u0105siedzka<\/a>, <a href=\"https:\/\/www.facebook.com\/ibialoleka\/\" target=\"_blank\" rel=\"noopener\">Internetowa Bia\u0142o\u0142\u0119ka &#8211; ibialoleka.pl<\/a>, <a href=\"https:\/\/www.facebook.com\/Koalicja-na-rzecz-walki-z-cukrzyc%C4%85-161237803185\/\" target=\"_blank\" rel=\"noopener\">Koalicja na rzecz walki z cukrzyc\u0105<\/a>, <a href=\"https:\/\/www.facebook.com\/mojacukrzyca\/\" target=\"_blank\" rel=\"noopener\">mojacukrzyca.org<\/a>, <a href=\"https:\/\/www.facebook.com\/szugarfrik\/\" target=\"_blank\" rel=\"noopener\">Szugarfrik<\/a> oraz <a href=\"https:\/\/www.facebook.com\/WarszawaiokoliceWiO\/\" target=\"_blank\" rel=\"noopener\">Warszawa i Okolice &#8211; wio.waw.pl<\/a><\/p>\n<p style=\"text-align: justify;\">Konferencj\u0119 poprowadzi\u0142 <a href=\"https:\/\/www.facebook.com\/jacekzienkiewicz\/\" target=\"_blank\" rel=\"noopener\">Jacek Zienkiewicz<\/a>.<\/p>\n<p style=\"text-align: justify;\">Prosimy o zapoznanie si\u0119 z <a href=\"http:\/\/razemdlabialoleki.waw.pl\/wp-content\/uploads\/2017\/10\/REGULAMIN-Konferencji.pdf\" target=\"_blank\" rel=\"noopener\">Regulaminem Konferencji<\/a>.<\/p>\n<p style=\"text-align: right;\">Zapraszamy Pa\u0144stwa<\/p>\n<p style=\"text-align: right;\"><strong>Ewa Gajewska<\/strong>, koordynatorka konferencji, Radna Dzielnicy Bia\u0142o\u0142\u0119ka, Stowarzyszenie Razem dla Bia\u0142o\u0142\u0119ki<\/p>\n<p style=\"text-align: right;\"><strong>Jan Mackiewicz<\/strong>, Prezes Stowarzyszenia Razem dla Bia\u0142o\u0142\u0119ki<\/p>\n<p style=\"text-align: right;\"><strong>Alicja Szewczyk<\/strong>, Przewodnicz\u0105ca Polskiej Federacji Edukacji w Diabetologii<\/p>\n<p style=\"text-align: right;\"><strong>Karolina Adelt-Paprocka<\/strong>, Dyrektor Bia\u0142o\u0142\u0119ckiego O\u015brodka Kultury<\/p>\n<p><img loading=\"lazy\" decoding=\"async\" class=\"aligncenter size-full wp-image-2888\" src=\"http:\/\/razemdlabialoleki.waw.pl\/wp-content\/uploads\/2017\/10\/001-plakat-do-internetu-v2.jpg\" alt=\"\" width=\"1000\" height=\"1295\" srcset=\"http:\/\/razemdlabialoleki.waw.pl\/wp-content\/uploads\/2017\/10\/001-plakat-do-internetu-v2.jpg 1000w, http:\/\/razemdlabialoleki.waw.pl\/wp-content\/uploads\/2017\/10\/001-plakat-do-internetu-v2-232x300.jpg 232w, http:\/\/razemdlabialoleki.waw.pl\/wp-content\/uploads\/2017\/10\/001-plakat-do-internetu-v2-768x995.jpg 768w, http:\/\/razemdlabialoleki.waw.pl\/wp-content\/uploads\/2017\/10\/001-plakat-do-internetu-v2-791x1024.jpg 791w, http:\/\/razemdlabialoleki.waw.pl\/wp-content\/uploads\/2017\/10\/001-plakat-do-internetu-v2-85x110.jpg 85w, http:\/\/razemdlabialoleki.waw.pl\/wp-content\/uploads\/2017\/10\/001-plakat-do-internetu-v2-324x420.jpg 324w, http:\/\/razemdlabialoleki.waw.pl\/wp-content\/uploads\/2017\/10\/001-plakat-do-internetu-v2-332x430.jpg 332w\" sizes=\"auto, (max-width: 1000px) 100vw, 1000px\" \/><\/p>\n<p><img loading=\"lazy\" decoding=\"async\" class=\"aligncenter size-full wp-image-2847\" src=\"http:\/\/razemdlabialoleki.waw.pl\/wp-content\/uploads\/2017\/10\/001-plakat-PROGRAM-CUKRZYCA-do-internetu.jpg\" alt=\"\" width=\"1000\" height=\"1547\" srcset=\"http:\/\/razemdlabialoleki.waw.pl\/wp-content\/uploads\/2017\/10\/001-plakat-PROGRAM-CUKRZYCA-do-internetu.jpg 1000w, http:\/\/razemdlabialoleki.waw.pl\/wp-content\/uploads\/2017\/10\/001-plakat-PROGRAM-CUKRZYCA-do-internetu-194x300.jpg 194w, http:\/\/razemdlabialoleki.waw.pl\/wp-content\/uploads\/2017\/10\/001-plakat-PROGRAM-CUKRZYCA-do-internetu-768x1188.jpg 768w, http:\/\/razemdlabialoleki.waw.pl\/wp-content\/uploads\/2017\/10\/001-plakat-PROGRAM-CUKRZYCA-do-internetu-662x1024.jpg 662w, http:\/\/razemdlabialoleki.waw.pl\/wp-content\/uploads\/2017\/10\/001-plakat-PROGRAM-CUKRZYCA-do-internetu-71x110.jpg 71w, http:\/\/razemdlabialoleki.waw.pl\/wp-content\/uploads\/2017\/10\/001-plakat-PROGRAM-CUKRZYCA-do-internetu-271x420.jpg 271w, http:\/\/razemdlabialoleki.waw.pl\/wp-content\/uploads\/2017\/10\/001-plakat-PROGRAM-CUKRZYCA-do-internetu-278x430.jpg 278w\" sizes=\"auto, (max-width: 1000px) 100vw, 1000px\" \/><\/p>","protected":false},"excerpt":{"rendered":"<p>Z Cukrzyc\u0105 na Ty, nie daj si\u0119! Stowarzyszenie Razem dla Bia\u0142o\u0142\u0119ki, Polska Federacja Edukacji w Diabetologii oraz Bia\u0142o\u0142\u0119cki O\u015brodek Kultury serdecznie zapraszaj\u0105 na realizowan\u0105 w ramach konkursu \u201eZrealizuj sw\u00f3j pomys\u0142 w BOK-u\u201d, Drug\u0105 Konferencj\u0119 Szkoleniow\u0105 Z Cukrzyc\u0105 na Ty, nie daj si\u0119! Moje dziecko wysz\u0142o z grupy ryzyka! w dniu 18 listopada w Warszawie, w [&hellip;]<\/p>\n","protected":false},"author":2,"featured_media":0,"parent":0,"menu_order":0,"comment_status":"closed","ping_status":"closed","template":"","meta":{"ngg_post_thumbnail":0,"footnotes":""},"class_list":["post-2833","page","type-page","status-publish","hentry"],"_links":{"self":[{"href":"http:\/\/razemdlabialoleki.waw.pl\/index.php?rest_route=\/wp\/v2\/pages\/2833","targetHints":{"allow":["GET"]}}],"collection":[{"href":"http:\/\/razemdlabialoleki.waw.pl\/index.php?rest_route=\/wp\/v2\/pages"}],"about":[{"href":"http:\/\/razemdlabialoleki.waw.pl\/index.php?rest_route=\/wp\/v2\/types\/page"}],"author":[{"embeddable":true,"href":"http:\/\/razemdlabialoleki.waw.pl\/index.php?rest_route=\/wp\/v2\/users\/2"}],"replies":[{"embeddable":true,"href":"http:\/\/razemdlabialoleki.waw.pl\/index.php?rest_route=%2Fwp%2Fv2%2Fcomments&post=2833"}],"version-history":[{"count":18,"href":"http:\/\/razemdlabialoleki.waw.pl\/index.php?rest_route=\/wp\/v2\/pages\/2833\/revisions"}],"predecessor-version":[{"id":20318,"href":"http:\/\/razemdlabialoleki.waw.pl\/index.php?rest_route=\/wp\/v2\/pages\/2833\/revisions\/20318"}],"wp:attachment":[{"href":"http:\/\/razemdlabialoleki.waw.pl\/index.php?rest_route=%2Fwp%2Fv2%2Fmedia&parent=2833"}],"curies":[{"name":"wp","href":"https:\/\/api.w.org\/{rel}","templated":true}]}}