{"id":20450,"date":"2024-01-04T19:16:01","date_gmt":"2024-01-04T18:16:01","guid":{"rendered":"http:\/\/razemdlabialoleki.waw.pl\/?page_id=20450"},"modified":"2025-04-11T22:48:52","modified_gmt":"2025-04-11T21:48:52","slug":"sprawozdania","status":"publish","type":"page","link":"http:\/\/razemdlabialoleki.waw.pl\/?page_id=20450","title":{"rendered":"Sprawozdania"},"content":{"rendered":"\n<h2 class=\"wp-block-heading has-text-align-center\"><strong>Sprawozdania <\/strong><\/h2>\n\n\n\n<h2 class=\"wp-block-heading has-text-align-center\"><strong>Stowarzyszenia Razem dla Bia\u0142o\u0142\u0119ki<\/strong><\/h2>\n\n\n\n<figure class=\"wp-block-table\"><table><tbody><tr><td class=\"has-text-align-center\" data-align=\"center\" rowspan=\"6\">2024<\/td><\/tr><tr><td class=\"has-text-align-center\" data-align=\"center\"><a href=\"https:\/\/sprawozdaniaopp.niw.gov.pl\/Search\/Print\/63515?reporttypeId=32\" target=\"_blank\" rel=\"noreferrer noopener\">Wprowadzenie do sprawozdania finansowego<\/a><\/td><\/tr><tr><td class=\"has-text-align-center\" data-align=\"center\"><a href=\"https:\/\/sprawozdaniaopp.niw.gov.pl\/Search\/Print\/63515?reporttypeId=33\" target=\"_blank\" rel=\"noreferrer noopener\">Bilans<\/a><\/td><\/tr><tr><td class=\"has-text-align-center\" data-align=\"center\"><a href=\"https:\/\/sprawozdaniaopp.niw.gov.pl\/Search\/Print\/63514?reporttypeId=34\" target=\"_blank\" rel=\"noreferrer noopener\">Rachunek zysk\u00f3w i strat<\/a><\/td><\/tr><tr><td class=\"has-text-align-center\" data-align=\"center\"><a href=\"https:\/\/sprawozdaniaopp.niw.gov.pl\/Search\/Print\/63516?reporttypeId=35\" target=\"_blank\" rel=\"noreferrer noopener\">Informacja dodatkowa<\/a><\/td><\/tr><tr><td class=\"has-text-align-center\" data-align=\"center\"><a href=\"https:\/\/sprawozdaniaopp.niw.gov.pl\/Search\/Print\/29173?reporttypeId=36\" target=\"_blank\" rel=\"noreferrer noopener\">Sprawozdanie merytoryczne<\/a><\/td><\/tr><tr><td class=\"has-text-align-center\" data-align=\"center\" rowspan=\"6\">2023<\/td><\/tr><tr><td class=\"has-text-align-center\" data-align=\"center\"><a href=\"https:\/\/sprawozdaniaopp.niw.gov.pl\/Search\/Print\/55858?reporttypeId=32\" target=\"_blank\" rel=\"noreferrer noopener\">Wprowadzenie do sprawozdania finansowego<\/a><\/td><\/tr><tr><td class=\"has-text-align-center\" data-align=\"center\"><a href=\"https:\/\/sprawozdaniaopp.niw.gov.pl\/Search\/Print\/55858?reporttypeId=33\" target=\"_blank\" rel=\"noreferrer noopener\">Bilans<\/a><\/td><\/tr><tr><td class=\"has-text-align-center\" data-align=\"center\"><a href=\"https:\/\/sprawozdaniaopp.niw.gov.pl\/Search\/Print\/55857?reporttypeId=34\" target=\"_blank\" rel=\"noreferrer noopener\">Rachunek zysk\u00f3w i strat<\/a><\/td><\/tr><tr><td class=\"has-text-align-center\" data-align=\"center\"><a href=\"https:\/\/sprawozdaniaopp.niw.gov.pl\/Search\/Print\/31813?reporttypeId=35\" target=\"_blank\" rel=\"noreferrer noopener\">Informacja <\/a><a href=\"https:\/\/sprawozdaniaopp.niw.gov.pl\/Search\/Print\/55859?reporttypeId=35\" target=\"_blank\" rel=\"noreferrer noopener\">dodatkowa<\/a><\/td><\/tr><tr><td class=\"has-text-align-center\" data-align=\"center\"><a href=\"https:\/\/sprawozdaniaopp.niw.gov.pl\/Search\/Print\/25545?reporttypeId=36\" target=\"_blank\" rel=\"noreferrer noopener\">Sprawozdanie merytoryczne<\/a><\/td><\/tr><\/tbody><\/table><\/figure>\n\n\n\n<figure class=\"wp-block-table\"><table><tbody><tr><td class=\"has-text-align-center\" data-align=\"center\" rowspan=\"6\">2022<\/td><\/tr><tr><td class=\"has-text-align-center\" data-align=\"center\"><a href=\"https:\/\/sprawozdaniaopp.niw.gov.pl\/Search\/Print\/52181?reporttypeId=32\" target=\"_blank\" rel=\"noreferrer noopener\">Wprowadzenie do sprawozdania finansowego<\/a><\/td><\/tr><tr><td class=\"has-text-align-center\" data-align=\"center\"><a href=\"https:\/\/sprawozdaniaopp.niw.gov.pl\/Search\/Print\/52180?reporttypeId=33\" target=\"_blank\" rel=\"noreferrer noopener\">Bilans<\/a><\/td><\/tr><tr><td class=\"has-text-align-center\" data-align=\"center\"><a href=\"https:\/\/sprawozdaniaopp.niw.gov.pl\/Search\/Print\/52180?reporttypeId=34\" target=\"_blank\" rel=\"noreferrer noopener\">Rachunek zysk\u00f3w i strat<\/a><\/td><\/tr><tr><td class=\"has-text-align-center\" data-align=\"center\"><a href=\"https:\/\/sprawozdaniaopp.niw.gov.pl\/Search\/Print\/52181?reporttypeId=35\" target=\"_blank\" rel=\"noreferrer noopener\">Informacja dodatkowa<\/a><\/td><\/tr><tr><td class=\"has-text-align-center\" data-align=\"center\"><a href=\"https:\/\/sprawozdaniaopp.niw.gov.pl\/Search\/Print\/23759?reporttypeId=36\" target=\"_blank\" rel=\"noreferrer noopener\">Sprawozdanie merytoryczne<\/a><\/td><\/tr><tr><td class=\"has-text-align-center\" data-align=\"center\" rowspan=\"6\">2021<\/td><\/tr><tr><td class=\"has-text-align-center\" data-align=\"center\"><a href=\"https:\/\/sprawozdaniaopp.niw.gov.pl\/Search\/Print\/42072?reporttypeId=32\" target=\"_blank\" rel=\"noreferrer noopener\">Wprowadzenie do sprawozdania finansowego<\/a><\/td><\/tr><tr><td class=\"has-text-align-center\" data-align=\"center\"><a href=\"https:\/\/sprawozdaniaopp.niw.gov.pl\/Search\/Print\/42071?reporttypeId=33\" target=\"_blank\" rel=\"noreferrer noopener\">Bilans<\/a><\/td><\/tr><tr><td class=\"has-text-align-center\" data-align=\"center\"><a href=\"https:\/\/sprawozdaniaopp.niw.gov.pl\/Search\/Print\/42071?reporttypeId=34\" target=\"_blank\" rel=\"noreferrer noopener\">Rachunek zysk\u00f3w i strat<\/a><\/td><\/tr><tr><td class=\"has-text-align-center\" data-align=\"center\"><a href=\"https:\/\/sprawozdaniaopp.niw.gov.pl\/Search\/Print\/42072?reporttypeId=35\" target=\"_blank\" rel=\"noreferrer noopener\">Informacja dodatkowa<\/a><\/td><\/tr><tr><td class=\"has-text-align-center\" data-align=\"center\"><a href=\"https:\/\/sprawozdaniaopp.niw.gov.pl\/Search\/Print\/18768?reporttypeId=36\" target=\"_blank\" rel=\"noreferrer noopener\">Sprawozdanie merytoryczne<\/a><\/td><\/tr><tr><td class=\"has-text-align-center\" data-align=\"center\" rowspan=\"6\">2020<\/td><\/tr><tr><td class=\"has-text-align-center\" data-align=\"center\"><a href=\"https:\/\/sprawozdaniaopp.niw.gov.pl\/Search\/Print\/31813?reporttypeId=32\" target=\"_blank\" rel=\"noreferrer noopener\">Wprowadzenie do sprawozdania finansowego<\/a><\/td><\/tr><tr><td class=\"has-text-align-center\" data-align=\"center\"><a href=\"https:\/\/sprawozdaniaopp.niw.gov.pl\/Search\/Print\/31812?reporttypeId=33\" target=\"_blank\" rel=\"noreferrer noopener\">Bilans<\/a><\/td><\/tr><tr><td class=\"has-text-align-center\" data-align=\"center\"><a href=\"https:\/\/sprawozdaniaopp.niw.gov.pl\/Search\/Print\/31812?reporttypeId=34\" target=\"_blank\" rel=\"noreferrer noopener\">Rachunek zysk\u00f3w i strat<\/a><\/td><\/tr><tr><td class=\"has-text-align-center\" data-align=\"center\"><a href=\"https:\/\/sprawozdaniaopp.niw.gov.pl\/Search\/Print\/31813?reporttypeId=35\" target=\"_blank\" rel=\"noreferrer noopener\">Informacja dodatkowa<\/a><\/td><\/tr><tr><td class=\"has-text-align-center\" data-align=\"center\"><a href=\"https:\/\/sprawozdaniaopp.niw.gov.pl\/Search\/Print\/13301?reporttypeId=36\" target=\"_blank\" rel=\"noreferrer noopener\">Sprawozdanie merytoryczne<\/a><\/td><\/tr><\/tbody><\/table><\/figure>\n","protected":false},"excerpt":{"rendered":"<p>Sprawozdania Stowarzyszenia Razem dla Bia\u0142o\u0142\u0119ki 2024 Wprowadzenie do sprawozdania finansowego Bilans Rachunek zysk\u00f3w i strat Informacja dodatkowa Sprawozdanie merytoryczne 2023 Wprowadzenie do sprawozdania finansowego Bilans Rachunek zysk\u00f3w i strat Informacja dodatkowa Sprawozdanie merytoryczne 2022 Wprowadzenie do sprawozdania finansowego Bilans Rachunek zysk\u00f3w i strat Informacja dodatkowa Sprawozdanie merytoryczne 2021 Wprowadzenie do sprawozdania finansowego Bilans Rachunek zysk\u00f3w [&hellip;]<\/p>\n","protected":false},"author":3,"featured_media":0,"parent":0,"menu_order":0,"comment_status":"closed","ping_status":"closed","template":"","meta":{"ngg_post_thumbnail":0,"footnotes":""},"class_list":["post-20450","page","type-page","status-publish","hentry"],"_links":{"self":[{"href":"http:\/\/razemdlabialoleki.waw.pl\/index.php?rest_route=\/wp\/v2\/pages\/20450","targetHints":{"allow":["GET"]}}],"collection":[{"href":"http:\/\/razemdlabialoleki.waw.pl\/index.php?rest_route=\/wp\/v2\/pages"}],"about":[{"href":"http:\/\/razemdlabialoleki.waw.pl\/index.php?rest_route=\/wp\/v2\/types\/page"}],"author":[{"embeddable":true,"href":"http:\/\/razemdlabialoleki.waw.pl\/index.php?rest_route=\/wp\/v2\/users\/3"}],"replies":[{"embeddable":true,"href":"http:\/\/razemdlabialoleki.waw.pl\/index.php?rest_route=%2Fwp%2Fv2%2Fcomments&post=20450"}],"version-history":[{"count":2,"href":"http:\/\/razemdlabialoleki.waw.pl\/index.php?rest_route=\/wp\/v2\/pages\/20450\/revisions"}],"predecessor-version":[{"id":22274,"href":"http:\/\/razemdlabialoleki.waw.pl\/index.php?rest_route=\/wp\/v2\/pages\/20450\/revisions\/22274"}],"wp:attachment":[{"href":"http:\/\/razemdlabialoleki.waw.pl\/index.php?rest_route=%2Fwp%2Fv2%2Fmedia&parent=20450"}],"curies":[{"name":"wp","href":"https:\/\/api.w.org\/{rel}","templated":true}]}}