{"id":20375,"date":"2024-01-02T09:57:57","date_gmt":"2024-01-02T08:57:57","guid":{"rendered":"http:\/\/razemdlabialoleki.waw.pl\/?page_id=20375"},"modified":"2024-01-02T09:57:58","modified_gmt":"2024-01-02T08:57:58","slug":"razem-sadzimy-las-2","status":"publish","type":"page","link":"http:\/\/razemdlabialoleki.waw.pl\/?page_id=20375","title":{"rendered":"Razem Sadzimy Las"},"content":{"rendered":"\n<h2 class=\"wp-block-heading has-text-align-center\">Razem Sadzimy Las<\/h2>\n\n\n\n<p>Jak wa\u017cne s\u0105 drzewa, nie trzeba nikogo przekonywa\u0107. Do\u015b\u0107 przytoczy\u0107, \u017ce dwa drzewa \u015bredniej wielko\u015bci zaspokajaj\u0105 roczne potrzeby na tlen jednej doros\u0142ej osoby\u00a0\ud83c\udf33<\/p>\n\n\n\n<p>Z inicjatywy Dariusza Olszewskiego ju\u017c po raz kolejny zorganizowali\u015bmy akcj\u0119\u00a0Razem Sadzimy Las. W 2023 r. <a href=\"http:\/\/razemdlabialoleki.waw.pl\/?p=18092\">w ramach obchod\u00f3w Dnia Ziemi<\/a> wraz z ponad 300 Mieszka\u0144cami posadzili\u015bmy ok. 700 drzew na terenie Choszcz\u00f3wki <img loading=\"lazy\" decoding=\"async\" height=\"16\" width=\"16\" src=\"https:\/\/static.xx.fbcdn.net\/images\/emoji.php\/v9\/t6b\/1\/16\/1f333.png\" alt=\"\ud83c\udf33\"> By\u0142o to mo\u017cliwe dzi\u0119ki naszym partnerom:<\/p>\n\n\n\n<p><img loading=\"lazy\" decoding=\"async\" height=\"16\" width=\"16\" src=\"https:\/\/static.xx.fbcdn.net\/images\/emoji.php\/v9\/t94\/1\/16\/1f49a.png\" alt=\"\ud83d\udc9a\"> <a href=\"https:\/\/www.facebook.com\/profile.php?id=100091402998668&amp;__cft__[0]=AZWc8M_XrfP8HMizrHc7IvxRilmVvu-0rsBp12gLTLVIgzRU2DYRTODj7ARpNagJes1B7etD543ukJzMS0cZzU_MoMm75AlVZjrvhybgzdG-Xk7r86UNFUExSVaZhhreWcY&amp;__tn__=-]K-R\">Nadle\u015bnictwo Sarnaki<\/a> zadba\u0142o o sadzonki drzew,<\/p>\n\n\n\n<p><img loading=\"lazy\" decoding=\"async\" height=\"16\" width=\"16\" src=\"https:\/\/static.xx.fbcdn.net\/images\/emoji.php\/v9\/t94\/1\/16\/1f49a.png\" alt=\"\ud83d\udc9a\"> Firma Partner przygotowa\u0142a teren do nasadze\u0144.<\/p>\n\n\n\n<p><img loading=\"lazy\" decoding=\"async\" height=\"16\" width=\"16\" src=\"https:\/\/static.xx.fbcdn.net\/images\/emoji.php\/v9\/t94\/1\/16\/1f49a.png\" alt=\"\ud83d\udc9a\"> <a href=\"https:\/\/www.facebook.com\/SmurfitKappaGroup?__cft__[0]=AZWc8M_XrfP8HMizrHc7IvxRilmVvu-0rsBp12gLTLVIgzRU2DYRTODj7ARpNagJes1B7etD543ukJzMS0cZzU_MoMm75AlVZjrvhybgzdG-Xk7r86UNFUExSVaZhhreWcY&amp;__tn__=-]K-R\">Smurfit Kappa<\/a> i <a href=\"https:\/\/www.facebook.com\/Auchan-Modli%C5%84ska-221023937914080\/?__cft__[0]=AZWc8M_XrfP8HMizrHc7IvxRilmVvu-0rsBp12gLTLVIgzRU2DYRTODj7ARpNagJes1B7etD543ukJzMS0cZzU_MoMm75AlVZjrvhybgzdG-Xk7r86UNFUExSVaZhhreWcY&amp;__tn__=kK-R\">Auchan Modli\u0144ska<\/a> ufundowa\u0142y pocz\u0119stunek, a dzi\u0119ki ich zaanga\u017cowaniu zorganizowali\u015bmy wsp\u00f3lne ognisko oraz pieczenie kie\u0142basek,<\/p>\n\n\n\n<p><img loading=\"lazy\" decoding=\"async\" height=\"16\" width=\"16\" src=\"https:\/\/static.xx.fbcdn.net\/images\/emoji.php\/v9\/t94\/1\/16\/1f49a.png\" alt=\"\ud83d\udc9a\"> <a href=\"https:\/\/www.facebook.com\/OSPbialoleka?__cft__[0]=AZWc8M_XrfP8HMizrHc7IvxRilmVvu-0rsBp12gLTLVIgzRU2DYRTODj7ARpNagJes1B7etD543ukJzMS0cZzU_MoMm75AlVZjrvhybgzdG-Xk7r86UNFUExSVaZhhreWcY&amp;__tn__=-]K-R\">OSP Warszawa &#8211; Bia\u0142o\u0142\u0119ka<\/a> zadba\u0142o o bezpiecze\u0144stwo i \u015bwietn\u0105 zabaw\u0119 podczas pokaz\u00f3w dla dzieci, a firma <a href=\"https:\/\/www.facebook.com\/zaradni.online?__cft__[0]=AZWc8M_XrfP8HMizrHc7IvxRilmVvu-0rsBp12gLTLVIgzRU2DYRTODj7ARpNagJes1B7etD543ukJzMS0cZzU_MoMm75AlVZjrvhybgzdG-Xk7r86UNFUExSVaZhhreWcY&amp;__tn__=-]K-R\">Zaradni w ogrodzie<\/a> wprowadzi\u0142a nas w tajniki piel\u0119gnacji drzew.<\/p>\n\n\n\n<p>Po raz kolejny razem mo\u017cemy zrobi\u0107 wi\u0119cej dobrego dla naszej planety, a tym samym Bia\u0142o\u0142\u0119ki. Ogromne podzi\u0119kowania dla partner\u00f3w akcji, Mieszka\u0144c\u00f3w i zaanga\u017cowanych Wolontariuszy ze:<\/p>\n\n\n\n<p><img loading=\"lazy\" decoding=\"async\" height=\"16\" width=\"16\" alt=\"\ud83d\udc9a\" src=\"https:\/\/static.xx.fbcdn.net\/images\/emoji.php\/v9\/t94\/1\/16\/1f49a.png\"> Szko\u0142y Podstawowej nr 231 im. gen. Mariusza Zaruskiego przy ul. Juranda ze Spychowa,<\/p>\n\n\n\n<p><img loading=\"lazy\" decoding=\"async\" height=\"16\" width=\"16\" alt=\"\ud83d\udc9a\" src=\"https:\/\/static.xx.fbcdn.net\/images\/emoji.php\/v9\/t94\/1\/16\/1f49a.png\"> Szko\u0142y Podstawowej nr 112 im. Marii Kownackiej przy ul. Zau\u0142ek,<\/p>\n\n\n\n<p><img loading=\"lazy\" decoding=\"async\" height=\"16\" width=\"16\" alt=\"\ud83d\udc9a\" src=\"https:\/\/static.xx.fbcdn.net\/images\/emoji.php\/v9\/t94\/1\/16\/1f49a.png\"> Szko\u0142y Podstawowej nr 118 im. Przyjaci\u00f3\u0142 Mazowsza przy ul. My\u015bliborskiej,<\/p>\n\n\n\n<p><img loading=\"lazy\" decoding=\"async\" height=\"16\" width=\"16\" alt=\"\ud83d\udc9a\" src=\"https:\/\/static.xx.fbcdn.net\/images\/emoji.php\/v9\/t94\/1\/16\/1f49a.png\"> Szko\u0142y Podstawowej nr 257 im. prof. Mariana Falskiego,<\/p>\n\n\n\n<p><img loading=\"lazy\" decoding=\"async\" height=\"16\" width=\"16\" alt=\"\ud83d\udc9a\" src=\"https:\/\/static.xx.fbcdn.net\/images\/emoji.php\/v9\/t94\/1\/16\/1f49a.png\"> Szko\u0142y Podstawowej nr 314 im. Przyjaci\u00f3\u0142 Ziemi przy ul. Poraj\u00f3w,<\/p>\n\n\n\n<p><img loading=\"lazy\" decoding=\"async\" height=\"16\" width=\"16\" alt=\"\ud83d\udc9a\" src=\"https:\/\/static.xx.fbcdn.net\/images\/emoji.php\/v9\/t94\/1\/16\/1f49a.png\"> Szko\u0142y Podstawowej nr 344 im. Powstania Warszawskiego przy ul. Erazma z Zakroczymia,<\/p>\n\n\n\n<p><img loading=\"lazy\" decoding=\"async\" height=\"16\" width=\"16\" alt=\"\ud83d\udc9a\" src=\"https:\/\/static.xx.fbcdn.net\/images\/emoji.php\/v9\/t94\/1\/16\/1f49a.png\"> Szko\u0142y Podstawowej nr 355 im. Jana Wedla przy ul. Ceramicznej<\/p>\n\n\n\n<p><img loading=\"lazy\" decoding=\"async\" height=\"16\" width=\"16\" alt=\"\ud83d\udc9a\" src=\"https:\/\/static.xx.fbcdn.net\/images\/emoji.php\/v9\/t94\/1\/16\/1f49a.png\"> Szko\u0142y Podstawowej nr 356 im. Ryszarda Kaczorowskiego przy ul. G\u0142\u0119bockiej,<\/p>\n\n\n\n<p><img loading=\"lazy\" decoding=\"async\" height=\"16\" width=\"16\" alt=\"\ud83d\udc9a\" src=\"https:\/\/static.xx.fbcdn.net\/images\/emoji.php\/v9\/t94\/1\/16\/1f49a.png\"> Szko\u0142y Podstawowej nr 361 przy ul. Ruskowy Br\u00f3d,<\/p>\n\n\n\n<p><img loading=\"lazy\" decoding=\"async\" height=\"16\" width=\"16\" alt=\"\ud83d\udc9a\" src=\"https:\/\/static.xx.fbcdn.net\/images\/emoji.php\/v9\/t94\/1\/16\/1f49a.png\"> Szko\u0142y Podstawowej nr 365 im. Wojciecha Zawadzkiego przy ul. P\u0142u\u017cnickiej,<\/p>\n\n\n\n<p><img loading=\"lazy\" decoding=\"async\" height=\"16\" width=\"16\" alt=\"\ud83d\udc9a\" src=\"https:\/\/static.xx.fbcdn.net\/images\/emoji.php\/v9\/t94\/1\/16\/1f49a.png\"> Szko\u0142y Podstawowej nr 368 im. Polskich Olimpijczyk\u00f3w przy ul. Mariana Hemara.<\/p>\n\n\n\n<p>Dzi\u0119kujemy r\u00f3wnie\u017c Dzielnicy Bia\u0142o\u0142\u0119ka i Wydzia\u0142owi Ochrony \u015arodowiska.<\/p>\n\n\n\n<p>Polecamy tak\u017ce podsumowanie poprzednich edycji akcji Razem Sadzimy las, kt\u00f3re odby\u0142y si\u0119\u00a0w latach <a href=\"http:\/\/razemdlabialoleki.waw.pl\/?p=13967\">2021 r<\/a>. i <a href=\"http:\/\/razemdlabialoleki.waw.pl\/?p=16346\">2022 r.<\/a> <\/p>\n\n\n\n<figure class=\"wp-block-image size-large\"><a href=\"http:\/\/razemdlabialoleki.waw.pl\/wp-content\/uploads\/2024\/01\/342867270_1848719495502639_5908950772060758902_n.jpeg\"><img loading=\"lazy\" decoding=\"async\" width=\"1024\" height=\"586\" src=\"http:\/\/razemdlabialoleki.waw.pl\/wp-content\/uploads\/2024\/01\/342867270_1848719495502639_5908950772060758902_n-1024x586.jpeg\" alt=\"\" class=\"wp-image-20378\" srcset=\"http:\/\/razemdlabialoleki.waw.pl\/wp-content\/uploads\/2024\/01\/342867270_1848719495502639_5908950772060758902_n-1024x586.jpeg 1024w, http:\/\/razemdlabialoleki.waw.pl\/wp-content\/uploads\/2024\/01\/342867270_1848719495502639_5908950772060758902_n-300x172.jpeg 300w, http:\/\/razemdlabialoleki.waw.pl\/wp-content\/uploads\/2024\/01\/342867270_1848719495502639_5908950772060758902_n-768x439.jpeg 768w, http:\/\/razemdlabialoleki.waw.pl\/wp-content\/uploads\/2024\/01\/342867270_1848719495502639_5908950772060758902_n-1536x878.jpeg 1536w, http:\/\/razemdlabialoleki.waw.pl\/wp-content\/uploads\/2024\/01\/342867270_1848719495502639_5908950772060758902_n.jpeg 2048w\" sizes=\"auto, (max-width: 1024px) 100vw, 1024px\" \/><\/a><\/figure>\n\n\n\n<figure class=\"wp-block-image size-large\"><a href=\"http:\/\/razemdlabialoleki.waw.pl\/wp-content\/uploads\/2024\/01\/342993858_213224358110360_251743862425400088_n.jpeg\"><img loading=\"lazy\" decoding=\"async\" width=\"1024\" height=\"768\" src=\"http:\/\/razemdlabialoleki.waw.pl\/wp-content\/uploads\/2024\/01\/342993858_213224358110360_251743862425400088_n-1024x768.jpeg\" alt=\"\" class=\"wp-image-20382\" srcset=\"http:\/\/razemdlabialoleki.waw.pl\/wp-content\/uploads\/2024\/01\/342993858_213224358110360_251743862425400088_n-1024x768.jpeg 1024w, http:\/\/razemdlabialoleki.waw.pl\/wp-content\/uploads\/2024\/01\/342993858_213224358110360_251743862425400088_n-300x225.jpeg 300w, http:\/\/razemdlabialoleki.waw.pl\/wp-content\/uploads\/2024\/01\/342993858_213224358110360_251743862425400088_n-768x576.jpeg 768w, http:\/\/razemdlabialoleki.waw.pl\/wp-content\/uploads\/2024\/01\/342993858_213224358110360_251743862425400088_n-1536x1152.jpeg 1536w, http:\/\/razemdlabialoleki.waw.pl\/wp-content\/uploads\/2024\/01\/342993858_213224358110360_251743862425400088_n.jpeg 2048w\" sizes=\"auto, (max-width: 1024px) 100vw, 1024px\" \/><\/a><\/figure>\n\n\n\n<figure class=\"wp-block-image size-large\"><a href=\"http:\/\/razemdlabialoleki.waw.pl\/wp-content\/uploads\/2024\/01\/343063400_973682567389714_5567498925230391441_n.jpeg\"><img loading=\"lazy\" decoding=\"async\" width=\"1024\" height=\"768\" src=\"http:\/\/razemdlabialoleki.waw.pl\/wp-content\/uploads\/2024\/01\/343063400_973682567389714_5567498925230391441_n-1024x768.jpeg\" alt=\"\" class=\"wp-image-20383\" srcset=\"http:\/\/razemdlabialoleki.waw.pl\/wp-content\/uploads\/2024\/01\/343063400_973682567389714_5567498925230391441_n-1024x768.jpeg 1024w, http:\/\/razemdlabialoleki.waw.pl\/wp-content\/uploads\/2024\/01\/343063400_973682567389714_5567498925230391441_n-300x225.jpeg 300w, http:\/\/razemdlabialoleki.waw.pl\/wp-content\/uploads\/2024\/01\/343063400_973682567389714_5567498925230391441_n-768x576.jpeg 768w, http:\/\/razemdlabialoleki.waw.pl\/wp-content\/uploads\/2024\/01\/343063400_973682567389714_5567498925230391441_n-1536x1152.jpeg 1536w, http:\/\/razemdlabialoleki.waw.pl\/wp-content\/uploads\/2024\/01\/343063400_973682567389714_5567498925230391441_n.jpeg 2048w\" sizes=\"auto, (max-width: 1024px) 100vw, 1024px\" \/><\/a><\/figure>\n\n\n\n<figure class=\"wp-block-image size-large\"><a href=\"http:\/\/razemdlabialoleki.waw.pl\/wp-content\/uploads\/2024\/01\/342968918_2807098809424656_508280457730356895_n.jpeg\"><img loading=\"lazy\" decoding=\"async\" width=\"768\" height=\"1024\" src=\"http:\/\/razemdlabialoleki.waw.pl\/wp-content\/uploads\/2024\/01\/342968918_2807098809424656_508280457730356895_n-768x1024.jpeg\" alt=\"\" class=\"wp-image-20381\" srcset=\"http:\/\/razemdlabialoleki.waw.pl\/wp-content\/uploads\/2024\/01\/342968918_2807098809424656_508280457730356895_n-768x1024.jpeg 768w, http:\/\/razemdlabialoleki.waw.pl\/wp-content\/uploads\/2024\/01\/342968918_2807098809424656_508280457730356895_n-225x300.jpeg 225w, http:\/\/razemdlabialoleki.waw.pl\/wp-content\/uploads\/2024\/01\/342968918_2807098809424656_508280457730356895_n-1152x1536.jpeg 1152w, http:\/\/razemdlabialoleki.waw.pl\/wp-content\/uploads\/2024\/01\/342968918_2807098809424656_508280457730356895_n.jpeg 1536w\" sizes=\"auto, (max-width: 768px) 100vw, 768px\" \/><\/a><\/figure>\n\n\n\n<figure class=\"wp-block-image size-large\"><a href=\"http:\/\/razemdlabialoleki.waw.pl\/wp-content\/uploads\/2024\/01\/342909667_1378946236298543_5876233902933121296_n.jpeg\"><img loading=\"lazy\" decoding=\"async\" width=\"768\" height=\"1024\" src=\"http:\/\/razemdlabialoleki.waw.pl\/wp-content\/uploads\/2024\/01\/342909667_1378946236298543_5876233902933121296_n-768x1024.jpeg\" alt=\"\" class=\"wp-image-20380\" srcset=\"http:\/\/razemdlabialoleki.waw.pl\/wp-content\/uploads\/2024\/01\/342909667_1378946236298543_5876233902933121296_n-768x1024.jpeg 768w, http:\/\/razemdlabialoleki.waw.pl\/wp-content\/uploads\/2024\/01\/342909667_1378946236298543_5876233902933121296_n-225x300.jpeg 225w, http:\/\/razemdlabialoleki.waw.pl\/wp-content\/uploads\/2024\/01\/342909667_1378946236298543_5876233902933121296_n-1152x1536.jpeg 1152w, http:\/\/razemdlabialoleki.waw.pl\/wp-content\/uploads\/2024\/01\/342909667_1378946236298543_5876233902933121296_n.jpeg 1536w\" sizes=\"auto, (max-width: 768px) 100vw, 768px\" \/><\/a><\/figure>\n\n\n\n<figure class=\"wp-block-image size-large\"><a href=\"http:\/\/razemdlabialoleki.waw.pl\/wp-content\/uploads\/2024\/01\/342907094_747110867044709_3622341359008872200_n.jpeg\"><img loading=\"lazy\" decoding=\"async\" width=\"1024\" height=\"768\" src=\"http:\/\/razemdlabialoleki.waw.pl\/wp-content\/uploads\/2024\/01\/342907094_747110867044709_3622341359008872200_n-1024x768.jpeg\" alt=\"\" class=\"wp-image-20379\" srcset=\"http:\/\/razemdlabialoleki.waw.pl\/wp-content\/uploads\/2024\/01\/342907094_747110867044709_3622341359008872200_n-1024x768.jpeg 1024w, http:\/\/razemdlabialoleki.waw.pl\/wp-content\/uploads\/2024\/01\/342907094_747110867044709_3622341359008872200_n-300x225.jpeg 300w, http:\/\/razemdlabialoleki.waw.pl\/wp-content\/uploads\/2024\/01\/342907094_747110867044709_3622341359008872200_n-768x576.jpeg 768w, http:\/\/razemdlabialoleki.waw.pl\/wp-content\/uploads\/2024\/01\/342907094_747110867044709_3622341359008872200_n-1536x1151.jpeg 1536w, http:\/\/razemdlabialoleki.waw.pl\/wp-content\/uploads\/2024\/01\/342907094_747110867044709_3622341359008872200_n.jpeg 2048w\" sizes=\"auto, (max-width: 1024px) 100vw, 1024px\" \/><\/a><figcaption class=\"wp-element-caption\">created by dji camera<\/figcaption><\/figure>\n\n\n\n<figure class=\"wp-block-image size-large\"><a href=\"http:\/\/razemdlabialoleki.waw.pl\/wp-content\/uploads\/2024\/01\/342861277_260899056374321_8751699502218110690_n.jpeg\"><img loading=\"lazy\" decoding=\"async\" width=\"1024\" height=\"768\" src=\"http:\/\/razemdlabialoleki.waw.pl\/wp-content\/uploads\/2024\/01\/342861277_260899056374321_8751699502218110690_n-1024x768.jpeg\" alt=\"\" class=\"wp-image-20377\" srcset=\"http:\/\/razemdlabialoleki.waw.pl\/wp-content\/uploads\/2024\/01\/342861277_260899056374321_8751699502218110690_n-1024x768.jpeg 1024w, http:\/\/razemdlabialoleki.waw.pl\/wp-content\/uploads\/2024\/01\/342861277_260899056374321_8751699502218110690_n-300x225.jpeg 300w, http:\/\/razemdlabialoleki.waw.pl\/wp-content\/uploads\/2024\/01\/342861277_260899056374321_8751699502218110690_n-768x576.jpeg 768w, http:\/\/razemdlabialoleki.waw.pl\/wp-content\/uploads\/2024\/01\/342861277_260899056374321_8751699502218110690_n-1536x1152.jpeg 1536w, http:\/\/razemdlabialoleki.waw.pl\/wp-content\/uploads\/2024\/01\/342861277_260899056374321_8751699502218110690_n.jpeg 2048w\" sizes=\"auto, (max-width: 1024px) 100vw, 1024px\" \/><\/a><\/figure>\n","protected":false},"excerpt":{"rendered":"<p>Razem Sadzimy Las Jak wa\u017cne s\u0105 drzewa, nie trzeba nikogo przekonywa\u0107. Do\u015b\u0107 przytoczy\u0107, \u017ce dwa drzewa \u015bredniej wielko\u015bci zaspokajaj\u0105 roczne potrzeby na tlen jednej doros\u0142ej osoby\u00a0\ud83c\udf33 Z inicjatywy Dariusza Olszewskiego ju\u017c po raz kolejny zorganizowali\u015bmy akcj\u0119\u00a0Razem Sadzimy Las. W 2023 r. w ramach obchod\u00f3w Dnia Ziemi wraz z ponad 300 Mieszka\u0144cami posadzili\u015bmy ok. 700 drzew [&hellip;]<\/p>\n","protected":false},"author":3,"featured_media":0,"parent":0,"menu_order":0,"comment_status":"closed","ping_status":"closed","template":"","meta":{"ngg_post_thumbnail":0,"footnotes":""},"class_list":["post-20375","page","type-page","status-publish","hentry"],"_links":{"self":[{"href":"http:\/\/razemdlabialoleki.waw.pl\/index.php?rest_route=\/wp\/v2\/pages\/20375","targetHints":{"allow":["GET"]}}],"collection":[{"href":"http:\/\/razemdlabialoleki.waw.pl\/index.php?rest_route=\/wp\/v2\/pages"}],"about":[{"href":"http:\/\/razemdlabialoleki.waw.pl\/index.php?rest_route=\/wp\/v2\/types\/page"}],"author":[{"embeddable":true,"href":"http:\/\/razemdlabialoleki.waw.pl\/index.php?rest_route=\/wp\/v2\/users\/3"}],"replies":[{"embeddable":true,"href":"http:\/\/razemdlabialoleki.waw.pl\/index.php?rest_route=%2Fwp%2Fv2%2Fcomments&post=20375"}],"version-history":[{"count":1,"href":"http:\/\/razemdlabialoleki.waw.pl\/index.php?rest_route=\/wp\/v2\/pages\/20375\/revisions"}],"predecessor-version":[{"id":20386,"href":"http:\/\/razemdlabialoleki.waw.pl\/index.php?rest_route=\/wp\/v2\/pages\/20375\/revisions\/20386"}],"wp:attachment":[{"href":"http:\/\/razemdlabialoleki.waw.pl\/index.php?rest_route=%2Fwp%2Fv2%2Fmedia&parent=20375"}],"curies":[{"name":"wp","href":"https:\/\/api.w.org\/{rel}","templated":true}]}}