{"id":19823,"date":"2023-12-18T14:05:00","date_gmt":"2023-12-18T13:05:00","guid":{"rendered":"http:\/\/razemdlabialoleki.waw.pl\/?page_id=19823"},"modified":"2025-06-05T05:45:08","modified_gmt":"2025-06-05T04:45:08","slug":"rodzinny-rajd-rowerowy","status":"publish","type":"page","link":"http:\/\/razemdlabialoleki.waw.pl\/?page_id=19823","title":{"rendered":"Rodzinny Rajd Rowerowy"},"content":{"rendered":"\n<h2 class=\"wp-block-heading has-text-align-center\">Rodzinny Rajd Rowerowy<\/h2>\n\n\n\n<p>Razem ze Spo\u0142eczno\u015bci\u0105 Chrze\u015bcija\u0144sk\u0105 P\u00f3\u0142noc ju\u017c po raz 6. zorganizowali\u015bmy Rodzinny Rajd Rowerowy. Wsp\u00f3lnie dzia\u0142amy w ten spos\u00f3b dla Mieszka\u0144ca lub Mieszkanki Bia\u0142o\u0142\u0119ki, kt\u00f3rzy potrzebuj\u0105 wsparcia. W 2023 r. w gronie blisko 200 uczestnik\u00f3w kr\u0119cili\u015bmy dla Henia Maciochy &#8211; <a href=\"http:\/\/razemdlabialoleki.waw.pl\/?p=19050\">zobacz zdj\u0119cia<\/a>. Polecamy tak\u017ce relacje z dotychczasowych edycji Rodzinnego Rajdu Rowerowego:<\/p>\n\n\n\n<ul class=\"wp-block-list\">\n<li><a href=\"http:\/\/razemdlabialoleki.waw.pl\/?p=22315\">Rodzinny Rajd Rowerowy 2025<\/a> i <a href=\"http:\/\/razemdlabialoleki.waw.pl\/?p=22368\">podsumowanie<\/a><\/li>\n\n\n\n<li><a href=\"http:\/\/razemdlabialoleki.waw.pl\/?p=19018\">Rodzinny Rajd Rowerowy 2023<\/a> i <a href=\"http:\/\/razemdlabialoleki.waw.pl\/?p=19050\">podsumowanie<\/a><\/li>\n\n\n\n<li><a href=\"http:\/\/razemdlabialoleki.waw.pl\/?p=16960\">Rodzinny Rajd Rowerowy 2022<\/a> i <a href=\"http:\/\/razemdlabialoleki.waw.pl\/?p=17327\">podsumowanie<\/a><\/li>\n\n\n\n<li><a href=\"http:\/\/razemdlabialoleki.waw.pl\/?p=14640\">Rodzinny Rajd Rowerowy 2021<\/a> i <a href=\"http:\/\/razemdlabialoleki.waw.pl\/?p=14796\">podsumowanie<\/a><\/li>\n\n\n\n<li><a href=\"http:\/\/razemdlabialoleki.waw.pl\/?p=11189\">Rodzinny Rajd Rowerowy 2020<\/a> i <a href=\"http:\/\/razemdlabialoleki.waw.pl\/?p=11555\">podsumowanie<\/a><\/li>\n\n\n\n<li><a href=\"http:\/\/razemdlabialoleki.waw.pl\/?p=8188\">Rodzinny Rajd Rowerowy 2019<\/a> i <a href=\"http:\/\/razemdlabialoleki.waw.pl\/?p=8923\">podsumowanie<\/a><\/li>\n\n\n\n<li><a href=\"http:\/\/razemdlabialoleki.waw.pl\/?p=5859\">Rodzinny Rajd Rowerowy 2018<\/a> i <a href=\"http:\/\/razemdlabialoleki.waw.pl\/?p=6413\">podsumowanie<\/a><\/li>\n<\/ul>\n\n\n\n<figure class=\"wp-block-image size-large\"><img loading=\"lazy\" decoding=\"async\" width=\"1024\" height=\"768\" src=\"http:\/\/razemdlabialoleki.waw.pl\/wp-content\/uploads\/2023\/12\/372380751_336212528836401_3047993352524954250_n-1024x768.jpeg\" alt=\"\" class=\"wp-image-19824\" srcset=\"http:\/\/razemdlabialoleki.waw.pl\/wp-content\/uploads\/2023\/12\/372380751_336212528836401_3047993352524954250_n-1024x768.jpeg 1024w, http:\/\/razemdlabialoleki.waw.pl\/wp-content\/uploads\/2023\/12\/372380751_336212528836401_3047993352524954250_n-300x225.jpeg 300w, http:\/\/razemdlabialoleki.waw.pl\/wp-content\/uploads\/2023\/12\/372380751_336212528836401_3047993352524954250_n-768x576.jpeg 768w, http:\/\/razemdlabialoleki.waw.pl\/wp-content\/uploads\/2023\/12\/372380751_336212528836401_3047993352524954250_n-1536x1152.jpeg 1536w, http:\/\/razemdlabialoleki.waw.pl\/wp-content\/uploads\/2023\/12\/372380751_336212528836401_3047993352524954250_n.jpeg 2048w\" sizes=\"auto, (max-width: 1024px) 100vw, 1024px\" \/><\/figure>\n\n\n\n<figure class=\"wp-block-image size-large\"><img loading=\"lazy\" decoding=\"async\" width=\"1024\" height=\"768\" src=\"http:\/\/razemdlabialoleki.waw.pl\/wp-content\/uploads\/2023\/12\/372292174_219241720899266_5601767179465832406_n-1536x1152-1-1024x768.jpeg\" alt=\"\" class=\"wp-image-19825\" srcset=\"http:\/\/razemdlabialoleki.waw.pl\/wp-content\/uploads\/2023\/12\/372292174_219241720899266_5601767179465832406_n-1536x1152-1-1024x768.jpeg 1024w, http:\/\/razemdlabialoleki.waw.pl\/wp-content\/uploads\/2023\/12\/372292174_219241720899266_5601767179465832406_n-1536x1152-1-300x225.jpeg 300w, http:\/\/razemdlabialoleki.waw.pl\/wp-content\/uploads\/2023\/12\/372292174_219241720899266_5601767179465832406_n-1536x1152-1-768x576.jpeg 768w, http:\/\/razemdlabialoleki.waw.pl\/wp-content\/uploads\/2023\/12\/372292174_219241720899266_5601767179465832406_n-1536x1152-1.jpeg 1536w\" sizes=\"auto, (max-width: 1024px) 100vw, 1024px\" \/><\/figure>\n\n\n\n<figure class=\"wp-block-image size-large\"><img loading=\"lazy\" decoding=\"async\" width=\"1024\" height=\"768\" src=\"http:\/\/razemdlabialoleki.waw.pl\/wp-content\/uploads\/2023\/12\/372259360_1472218463535763_8064322274165847308_n-1536x1152-1-1024x768.jpeg\" alt=\"\" class=\"wp-image-19826\" srcset=\"http:\/\/razemdlabialoleki.waw.pl\/wp-content\/uploads\/2023\/12\/372259360_1472218463535763_8064322274165847308_n-1536x1152-1-1024x768.jpeg 1024w, http:\/\/razemdlabialoleki.waw.pl\/wp-content\/uploads\/2023\/12\/372259360_1472218463535763_8064322274165847308_n-1536x1152-1-300x225.jpeg 300w, http:\/\/razemdlabialoleki.waw.pl\/wp-content\/uploads\/2023\/12\/372259360_1472218463535763_8064322274165847308_n-1536x1152-1-768x576.jpeg 768w, http:\/\/razemdlabialoleki.waw.pl\/wp-content\/uploads\/2023\/12\/372259360_1472218463535763_8064322274165847308_n-1536x1152-1.jpeg 1536w\" sizes=\"auto, (max-width: 1024px) 100vw, 1024px\" \/><\/figure>\n\n\n\n<figure class=\"wp-block-image size-large\"><img loading=\"lazy\" decoding=\"async\" width=\"1024\" height=\"683\" src=\"http:\/\/razemdlabialoleki.waw.pl\/wp-content\/uploads\/2023\/12\/DLR_6464-1536x1024-1-1024x683.jpeg\" alt=\"\" class=\"wp-image-19827\" srcset=\"http:\/\/razemdlabialoleki.waw.pl\/wp-content\/uploads\/2023\/12\/DLR_6464-1536x1024-1-1024x683.jpeg 1024w, http:\/\/razemdlabialoleki.waw.pl\/wp-content\/uploads\/2023\/12\/DLR_6464-1536x1024-1-300x200.jpeg 300w, http:\/\/razemdlabialoleki.waw.pl\/wp-content\/uploads\/2023\/12\/DLR_6464-1536x1024-1-768x512.jpeg 768w, http:\/\/razemdlabialoleki.waw.pl\/wp-content\/uploads\/2023\/12\/DLR_6464-1536x1024-1.jpeg 1536w\" sizes=\"auto, (max-width: 1024px) 100vw, 1024px\" \/><\/figure>\n\n\n\n<figure class=\"wp-block-image size-large\"><img loading=\"lazy\" decoding=\"async\" width=\"1024\" height=\"1024\" src=\"http:\/\/razemdlabialoleki.waw.pl\/wp-content\/uploads\/2023\/12\/podsumowanie_23-1-1024x1024.png\" alt=\"\" class=\"wp-image-19852\" srcset=\"http:\/\/razemdlabialoleki.waw.pl\/wp-content\/uploads\/2023\/12\/podsumowanie_23-1-1024x1024.png 1024w, http:\/\/razemdlabialoleki.waw.pl\/wp-content\/uploads\/2023\/12\/podsumowanie_23-1-300x300.png 300w, http:\/\/razemdlabialoleki.waw.pl\/wp-content\/uploads\/2023\/12\/podsumowanie_23-1-150x150.png 150w, http:\/\/razemdlabialoleki.waw.pl\/wp-content\/uploads\/2023\/12\/podsumowanie_23-1-768x768.png 768w, http:\/\/razemdlabialoleki.waw.pl\/wp-content\/uploads\/2023\/12\/podsumowanie_23-1-400x400.png 400w, http:\/\/razemdlabialoleki.waw.pl\/wp-content\/uploads\/2023\/12\/podsumowanie_23-1.png 1080w\" sizes=\"auto, (max-width: 1024px) 100vw, 1024px\" \/><\/figure>\n","protected":false},"excerpt":{"rendered":"<p>Rodzinny Rajd Rowerowy Razem ze Spo\u0142eczno\u015bci\u0105 Chrze\u015bcija\u0144sk\u0105 P\u00f3\u0142noc ju\u017c po raz 6. zorganizowali\u015bmy Rodzinny Rajd Rowerowy. Wsp\u00f3lnie dzia\u0142amy w ten spos\u00f3b dla Mieszka\u0144ca lub Mieszkanki Bia\u0142o\u0142\u0119ki, kt\u00f3rzy potrzebuj\u0105 wsparcia. W 2023 r. w gronie blisko 200 uczestnik\u00f3w kr\u0119cili\u015bmy dla Henia Maciochy &#8211; zobacz zdj\u0119cia. Polecamy tak\u017ce relacje z dotychczasowych edycji Rodzinnego Rajdu Rowerowego:<\/p>\n","protected":false},"author":3,"featured_media":0,"parent":0,"menu_order":0,"comment_status":"closed","ping_status":"closed","template":"","meta":{"ngg_post_thumbnail":0,"footnotes":""},"class_list":["post-19823","page","type-page","status-publish","hentry"],"_links":{"self":[{"href":"http:\/\/razemdlabialoleki.waw.pl\/index.php?rest_route=\/wp\/v2\/pages\/19823","targetHints":{"allow":["GET"]}}],"collection":[{"href":"http:\/\/razemdlabialoleki.waw.pl\/index.php?rest_route=\/wp\/v2\/pages"}],"about":[{"href":"http:\/\/razemdlabialoleki.waw.pl\/index.php?rest_route=\/wp\/v2\/types\/page"}],"author":[{"embeddable":true,"href":"http:\/\/razemdlabialoleki.waw.pl\/index.php?rest_route=\/wp\/v2\/users\/3"}],"replies":[{"embeddable":true,"href":"http:\/\/razemdlabialoleki.waw.pl\/index.php?rest_route=%2Fwp%2Fv2%2Fcomments&post=19823"}],"version-history":[{"count":14,"href":"http:\/\/razemdlabialoleki.waw.pl\/index.php?rest_route=\/wp\/v2\/pages\/19823\/revisions"}],"predecessor-version":[{"id":22659,"href":"http:\/\/razemdlabialoleki.waw.pl\/index.php?rest_route=\/wp\/v2\/pages\/19823\/revisions\/22659"}],"wp:attachment":[{"href":"http:\/\/razemdlabialoleki.waw.pl\/index.php?rest_route=%2Fwp%2Fv2%2Fmedia&parent=19823"}],"curies":[{"name":"wp","href":"https:\/\/api.w.org\/{rel}","templated":true}]}}