{"id":112,"date":"2016-01-21T14:14:11","date_gmt":"2016-01-21T14:14:11","guid":{"rendered":"http:\/\/razemdlabialoleki.waw.pl\/?page_id=112"},"modified":"2025-05-09T06:01:22","modified_gmt":"2025-05-09T05:01:22","slug":"status","status":"publish","type":"page","link":"http:\/\/razemdlabialoleki.waw.pl\/?page_id=112","title":{"rendered":"Statut"},"content":{"rendered":"\n<h2 class=\"wp-block-heading has-text-align-center\"><strong>Dane rejestrowe <\/strong><\/h2>\n\n\n\n<h2 class=\"wp-block-heading has-text-align-center\"><strong>Stowarzyszenia Razem dla Bia\u0142o\u0142\u0119ki<\/strong><\/h2>\n\n\n\n<p class=\"has-text-align-center\"><strong>KRS&nbsp;0000601143<\/strong><\/p>\n\n\n\n<p class=\"has-text-align-center\"><strong>NIP&nbsp;5242794087<\/strong><\/p>\n\n\n\n<p class=\"has-text-align-center\"><strong>REGON&nbsp;363711151<\/strong><\/p>\n\n\n\n<div class=\"wp-block-buttons is-content-justification-center is-layout-flex wp-container-core-buttons-is-layout-a89b3969 wp-block-buttons-is-layout-flex\">\n<div class=\"wp-block-button\"><a class=\"wp-block-button__link has-text-align-center wp-element-button\" href=\"http:\/\/razemdlabialoleki.waw.pl\/wp-content\/uploads\/2025\/05\/Statut.pdf\">zobacz statut<\/a><\/div>\n<\/div>\n\n\n\n<div class=\"wp-block-buttons is-content-justification-center is-layout-flex wp-container-core-buttons-is-layout-a89b3969 wp-block-buttons-is-layout-flex\">\n<div class=\"wp-block-button\"><a class=\"wp-block-button__link has-text-align-center wp-element-button\" href=\"http:\/\/razemdlabialoleki.waw.pl\/wp-content\/uploads\/2024\/10\/Standardy_Ochrony_Maloletnich_RdB.pdf\">ZOBACZ STANDARDY OCHRONY MA\u0141OLETNICH<\/a><\/div>\n<\/div>\n","protected":false},"excerpt":{"rendered":"<p>Dane rejestrowe Stowarzyszenia Razem dla Bia\u0142o\u0142\u0119ki KRS&nbsp;0000601143 NIP&nbsp;5242794087 REGON&nbsp;363711151<\/p>\n","protected":false},"author":1,"featured_media":0,"parent":0,"menu_order":0,"comment_status":"closed","ping_status":"closed","template":"","meta":{"ngg_post_thumbnail":0,"footnotes":""},"class_list":["post-112","page","type-page","status-publish","hentry"],"_links":{"self":[{"href":"http:\/\/razemdlabialoleki.waw.pl\/index.php?rest_route=\/wp\/v2\/pages\/112","targetHints":{"allow":["GET"]}}],"collection":[{"href":"http:\/\/razemdlabialoleki.waw.pl\/index.php?rest_route=\/wp\/v2\/pages"}],"about":[{"href":"http:\/\/razemdlabialoleki.waw.pl\/index.php?rest_route=\/wp\/v2\/types\/page"}],"author":[{"embeddable":true,"href":"http:\/\/razemdlabialoleki.waw.pl\/index.php?rest_route=\/wp\/v2\/users\/1"}],"replies":[{"embeddable":true,"href":"http:\/\/razemdlabialoleki.waw.pl\/index.php?rest_route=%2Fwp%2Fv2%2Fcomments&post=112"}],"version-history":[{"count":20,"href":"http:\/\/razemdlabialoleki.waw.pl\/index.php?rest_route=\/wp\/v2\/pages\/112\/revisions"}],"predecessor-version":[{"id":22362,"href":"http:\/\/razemdlabialoleki.waw.pl\/index.php?rest_route=\/wp\/v2\/pages\/112\/revisions\/22362"}],"wp:attachment":[{"href":"http:\/\/razemdlabialoleki.waw.pl\/index.php?rest_route=%2Fwp%2Fv2%2Fmedia&parent=112"}],"curies":[{"name":"wp","href":"https:\/\/api.w.org\/{rel}","templated":true}]}}